{"id":10587,"date":"2021-10-18T16:51:12","date_gmt":"2021-10-18T13:51:12","guid":{"rendered":"https:\/\/www.nilaykaraca.com\/cookie-policy\/"},"modified":"2021-10-21T21:19:24","modified_gmt":"2021-10-21T18:19:24","slug":"cookie-policy","status":"publish","type":"page","link":"https:\/\/www.nilaykaraca.com\/en\/cookie-policy\/","title":{"rendered":"Cookie Policy"},"content":{"rendered":"<div class=\"cli_pg_page_contaner\">\n<h3>About the cookie policy<\/h3>\n<div>This Cookie Policy explains what cookies are and how we use them, the types of cookies we use, i.e. the information we collect using cookies and how this information is used and how to control cookie preferences. For more information on how we use, store and keep your personal data safe, see our Privacy Policy. You can change or withdraw your consent in the Cookie Statement on our website at any time. More information in our <a href=\"https:\/\/www.nilaykaraca.com\/kvkk-aydinlatma-metni\/\" target=\"_blank\" rel=\"noopener\">Privacy Policy<\/a> about who we are, how you can contact us and how we process personal data get it.<\/p>\n<p><span style=\"font-size: revert; color: initial; font-family: -apple-system, BlinkMacSystemFont, 'Segoe UI', Roboto, Oxygen-Sans, Ubuntu, Cantarell, 'Helvetica Neue', sans-serif;\">Your consent is valid for the following domains:<br \/>\n<\/span> <a style=\"font-size: revert; font-family: -apple-system, BlinkMacSystemFont, 'Segoe UI', Roboto, Oxygen-Sans, Ubuntu, Cantarell, 'Helvetica Neue', sans-serif;\" href=\"https:\/\/www.nilaykaraca.com\">www.nilaykaraca.com<\/a><\/p>\n<p><span style=\"font-size: revert; color: initial; font-family: -apple-system, BlinkMacSystemFont, 'Segoe UI', Roboto, Oxygen-Sans, Ubuntu, Cantarell, 'Helvetica Neue', sans-serif;\"><div class=\"cli_user_consent_state\">Your current state: No consent given. <a class=\"cli_manage_current_consent\" style=\"cursor:pointer;text-decoration:underline;\">Manage your consent.<\/a> <\/div><\/span><\/p>\n<\/div>\n<h3>What are cookies?<\/h3>\n<div>Cookies are small text files used to store small pieces of information. They are stored on your device when the website is loaded in your browser. These cookies help us keep the website working properly, make it more secure, provide better user experience and understand how the website works and analyze what is working and where it needs improvement.<\/div>\n<h3>How do we use cookies?<\/h3>\n<div>Like most online services, our website uses first-party and third-party cookies for a variety of purposes. First-party cookies are mostly necessary for the website to function properly and do not collect your personally identifiable data. Third-party cookies used on our website are mainly used for how the website performs, how you interact with our website, keeping our services secure, serving ads relevant to you. and generally to provide you with a better and improved user. Experience it and help speed up your future interactions with our website.<\/div>\n<h3>What kind of cookies do we use?<\/h3>\n<div>Basic: Some cookies are necessary for you to experience the full functionality of our site. They allow us to maintain user sessions and prevent any security threats. They do not collect or store any personal information. For example, these cookies allow you to log in to your account, add products to your cart and pay securely.<\/p>\n<p><strong>Statistics:<\/strong> These cookies store information such as the number of visitors to the website, the number of unique visitors, which pages of the website are visited, and the source of the visit. This data helps us understand and analyze how well the website is performing. .<\/p>\n<p><strong>Marketing:<\/strong> Our website displays advertisements. These cookies are used to personalize the ads we show you in a way that is meaningful to you. These cookies also help us track the efficiency of these advertising campaigns. The information stored in these cookies may also be used by third-party advertising providers to show you advertisements on other websites in the browser.<\/p>\n<p><strong>Functional:<\/strong> These are cookies that assist some non-essential functions on our website. These functions include embedding content such as videos or sharing the website&#8217;s content on social media platforms.<\/p>\n<p><strong>Preferences:<\/strong> These cookies help us store your settings and browsing preferences, such as language preferences, so that you have a better and more efficient experience on future visits to the website.<\/p>\n<p>A\u015fa\u011f\u0131daki liste, web sitemizde kullan\u0131lan \u00e7erezleri detayland\u0131rmaktad\u0131r.<\/p><table class=\"cookielawinfo-row-cat-table cookielawinfo-classic\"><thead><tr><th class=\"cookielawinfo-column-1\">Cookie<\/th><th class=\"cookielawinfo-column-4\">Description<\/th><\/tr><\/thead><tbody><tr class=\"cookielawinfo-row\"><td class=\"cookielawinfo-column-1\">cookielawinfo-checkbox-others<\/td><td class=\"cookielawinfo-column-4\">Used to store user consent for cookies in the \"Other\" category.<\/td><\/tr><\/tbody><\/table>\n<\/div>\n<h3>How can I control cookie preferences?<\/h3>\n<div>If you decide to change your preferences later in your browsing session, you can click the &#8220;Privacy and Cookie Policy&#8221; tab on your screen. This will display the consent notification again, allowing you to change your preferences or withdraw consent altogether. In addition, different browsers offer different methods to block and delete cookies used by websites. You can change your browser&#8217;s settings to block\/delete cookies. To learn more about how to manage and delete cookies, go to <a href=\"https:\/\/wikipedia.org\" target=\"_blank\" rel=\"noopener\">wikipedia.org<\/a>, <a href=\"https:\/\/www.allaboutcookies.org\" target=\"_blank\" rel=\"noopener\">www.allaboutcookies.org<\/a> .<\/div>\n<\/div>\n","protected":false},"excerpt":{"rendered":"<p>About the cookie policy This Cookie Policy explains what cookies are and how we use them, the types of cookies we use, i.e. the information we collect using cookies and how this information is used and how to control cookie preferences. For more information on how we use, store and keep your personal data safe, [&hellip;]<\/p>\n","protected":false},"author":1,"featured_media":0,"parent":0,"menu_order":0,"comment_status":"closed","ping_status":"closed","template":"","meta":[],"yoast_head":"<!-- This site is optimized with the Yoast SEO Premium plugin v17.6 (Yoast SEO v17.6) - https:\/\/yoast.com\/wordpress\/plugins\/seo\/ -->\n<title>Cookie Policy - Assoc. Dr. Nilay Karaca<\/title>\n<meta name=\"description\" content=\"The Cookie Policy explains what cookies are and how we use them, the types of cookies we use, their functions and areas of use.\" \/>\n<meta name=\"robots\" content=\"index, follow, max-snippet:-1, max-image-preview:large, max-video-preview:-1\" \/>\n<link rel=\"canonical\" href=\"https:\/\/www.nilaykaraca.com\/en\/cookie-policy\/\" \/>\n<meta property=\"og:locale\" content=\"en_US\" \/>\n<meta property=\"og:type\" content=\"article\" \/>\n<meta property=\"og:title\" content=\"Cookie Policy\" \/>\n<meta property=\"og:description\" content=\"The Cookie Policy explains what cookies are and how we use them, the types of cookies we use, their functions and areas of use.\" \/>\n<meta property=\"og:url\" content=\"https:\/\/www.nilaykaraca.com\/en\/cookie-policy\/\" \/>\n<meta property=\"og:site_name\" content=\"Assoc. Dr. Nilay Karaca\" \/>\n<meta property=\"article:modified_time\" content=\"2021-10-21T18:19:24+00:00\" \/>\n<meta name=\"twitter:card\" content=\"summary_large_image\" \/>\n<meta name=\"twitter:label1\" content=\"Est. reading time\" \/>\n\t<meta name=\"twitter:data1\" content=\"3 minutes\" \/>\n<script type=\"application\/ld+json\" class=\"yoast-schema-graph\">{\"@context\":\"https:\/\/schema.org\",\"@graph\":[{\"@type\":[\"Person\",\"Organization\"],\"@id\":\"https:\/\/www.nilaykaraca.com\/#\/schema\/person\/77184ed5e4793db920a29aa23fc2a093\",\"name\":\"Nilay Karaca\",\"image\":{\"@type\":\"ImageObject\",\"@id\":\"https:\/\/www.nilaykaraca.com\/#personlogo\",\"inLanguage\":\"en-US\",\"url\":\"https:\/\/www.nilaykaraca.com\/wp-content\/uploads\/2021\/08\/nilay-karaca-anasayfa-klinik.jpg\",\"contentUrl\":\"https:\/\/www.nilaykaraca.com\/wp-content\/uploads\/2021\/08\/nilay-karaca-anasayfa-klinik.jpg\",\"width\":951,\"height\":498,\"caption\":\"Nilay Karaca\"},\"logo\":{\"@id\":\"https:\/\/www.nilaykaraca.com\/#personlogo\"},\"description\":\"Nilay Karaca 1972 y\\u0131l\\u0131nda Tunceli\\u2019nin \\u00c7emi\\u015fkezek il\\u00e7esinde do\\u011fdu. 1978 - 1989 ilk, orta ve lise \\u00f6\\u011frenimini \\u00c7emi\\u015fkezek\\u2019de tamamlad\\u0131. 1995 y\\u0131l\\u0131nda \\u0130stanbul \\u00dcniversitesi \\u0130stanbul T\\u0131p Fak\\u00fcltesi\\u2019nden mezun olduktan sonra, 1999\\u2019da \\u0130stanbul Bak\\u0131rk\\u00f6y Do\\u011fumevi Kad\\u0131n ve \\u00c7ocuk Hastal\\u0131klar\\u0131 E\\u011fitim ve Ara\\u015ft\\u0131rma Hastanesi\\u2019nde ihtisas\\u0131n\\u0131 tamamlad\\u0131. 1999-2003 y\\u0131llar\\u0131 aras\\u0131nda Bezmi Alem Vak\\u0131f Gureba E\\u011fitim ve Ara\\u015ft\\u0131rma Hastanesi\\u2019nde uzman doktor olarak \\u00e7al\\u0131\\u015ft\\u0131ktan sonra 2004 y\\u0131l\\u0131nda T\\u00fcp Bebek e\\u011fitimi almak \\u00fczere Zeynep Kamil E\\u011fitim ve Ara\\u015ft\\u0131rma Hastanesi\\u2019ndne g\\u00f6rev yapt\\u0131\\u0131. 2004 y\\u0131l\\u0131ndan itibaren \\u00fcremeye yard\\u0131mc\\u0131 tedaviler ve t\\u00fcp bebek alan\\u0131nda \\u00e7al\\u0131\\u015fmalar\\u0131na devam etti. 2008 y\\u0131l\\u0131nda Amerika\\u2019da Harvard \\u00dcniversitesi, Brigham and Women\\u2019s Hastanesi T\\u00fcp Bebek \\u00dcnitesi\\u2019nde \\u00e7al\\u0131\\u015f\\u0131p ara\\u015ft\\u0131rmalara kat\\u0131ld\\u0131. 2007 y\\u0131l\\u0131nda alt\\u0131 ay s\\u00fcreyle Avustralya\\u2019da Sidney \\u00dcniversitesi Royal Prince Alfred Hastanesi\\u2019nde g\\u00f6rev yapt\\u0131. \\u00d6zellikle \\u201cJinekolojik Laparoskopi\\u201d ve \\u201cHisteroskopi\\u201d konular\\u0131nda yo\\u011funla\\u015farak, ba\\u015fta Prof. Jonathan Carter MD, Prof. Chris Benness MD ve Nesrin Varol MD olmak \\u00fczere bir\\u00e7ok jinekolog cerrah ile ellinin \\u00fczerinde operasyona dahil oldu.\"},{\"@type\":\"WebSite\",\"@id\":\"https:\/\/www.nilaykaraca.com\/#website\",\"url\":\"https:\/\/www.nilaykaraca.com\/\",\"name\":\"Assoc. Dr. Nilay Karaca\",\"description\":\"IVF, Pregnancy, Gynecology Expert\",\"publisher\":{\"@id\":\"https:\/\/www.nilaykaraca.com\/#\/schema\/person\/77184ed5e4793db920a29aa23fc2a093\"},\"potentialAction\":[{\"@type\":\"SearchAction\",\"target\":{\"@type\":\"EntryPoint\",\"urlTemplate\":\"https:\/\/www.nilaykaraca.com\/?s={search_term_string}\"},\"query-input\":\"required name=search_term_string\"}],\"inLanguage\":\"en-US\"},{\"@type\":\"WebPage\",\"@id\":\"https:\/\/www.nilaykaraca.com\/en\/cookie-policy\/#webpage\",\"url\":\"https:\/\/www.nilaykaraca.com\/en\/cookie-policy\/\",\"name\":\"Cookie Policy - Assoc. Dr. Nilay Karaca\",\"isPartOf\":{\"@id\":\"https:\/\/www.nilaykaraca.com\/#website\"},\"datePublished\":\"2021-10-18T13:51:12+00:00\",\"dateModified\":\"2021-10-21T18:19:24+00:00\",\"description\":\"The Cookie Policy explains what cookies are and how we use them, the types of cookies we use, their functions and areas of use.\",\"breadcrumb\":{\"@id\":\"https:\/\/www.nilaykaraca.com\/en\/cookie-policy\/#breadcrumb\"},\"inLanguage\":\"en-US\",\"potentialAction\":[{\"@type\":\"ReadAction\",\"target\":[\"https:\/\/www.nilaykaraca.com\/en\/cookie-policy\/\"]}]},{\"@type\":\"BreadcrumbList\",\"@id\":\"https:\/\/www.nilaykaraca.com\/en\/cookie-policy\/#breadcrumb\",\"itemListElement\":[{\"@type\":\"ListItem\",\"position\":1,\"name\":\"Anasayfa\",\"item\":\"https:\/\/www.nilaykaraca.com\/en\/\"},{\"@type\":\"ListItem\",\"position\":2,\"name\":\"Cookie Policy\"}]}]}<\/script>\n<!-- \/ Yoast SEO Premium plugin. -->","yoast_head_json":{"title":"Cookie Policy - Assoc. Dr. Nilay Karaca","description":"The Cookie Policy explains what cookies are and how we use them, the types of cookies we use, their functions and areas of use.","robots":{"index":"index","follow":"follow","max-snippet":"max-snippet:-1","max-image-preview":"max-image-preview:large","max-video-preview":"max-video-preview:-1"},"canonical":"https:\/\/www.nilaykaraca.com\/en\/cookie-policy\/","og_locale":"en_US","og_type":"article","og_title":"Cookie Policy","og_description":"The Cookie Policy explains what cookies are and how we use them, the types of cookies we use, their functions and areas of use.","og_url":"https:\/\/www.nilaykaraca.com\/en\/cookie-policy\/","og_site_name":"Assoc. Dr. Nilay Karaca","article_modified_time":"2021-10-21T18:19:24+00:00","twitter_card":"summary_large_image","twitter_misc":{"Est. reading time":"3 minutes"},"schema":{"@context":"https:\/\/schema.org","@graph":[{"@type":["Person","Organization"],"@id":"https:\/\/www.nilaykaraca.com\/#\/schema\/person\/77184ed5e4793db920a29aa23fc2a093","name":"Nilay Karaca","image":{"@type":"ImageObject","@id":"https:\/\/www.nilaykaraca.com\/#personlogo","inLanguage":"en-US","url":"https:\/\/www.nilaykaraca.com\/wp-content\/uploads\/2021\/08\/nilay-karaca-anasayfa-klinik.jpg","contentUrl":"https:\/\/www.nilaykaraca.com\/wp-content\/uploads\/2021\/08\/nilay-karaca-anasayfa-klinik.jpg","width":951,"height":498,"caption":"Nilay Karaca"},"logo":{"@id":"https:\/\/www.nilaykaraca.com\/#personlogo"},"description":"Nilay Karaca 1972 y\u0131l\u0131nda Tunceli\u2019nin \u00c7emi\u015fkezek il\u00e7esinde do\u011fdu. 1978 - 1989 ilk, orta ve lise \u00f6\u011frenimini \u00c7emi\u015fkezek\u2019de tamamlad\u0131. 1995 y\u0131l\u0131nda \u0130stanbul \u00dcniversitesi \u0130stanbul T\u0131p Fak\u00fcltesi\u2019nden mezun olduktan sonra, 1999\u2019da \u0130stanbul Bak\u0131rk\u00f6y Do\u011fumevi Kad\u0131n ve \u00c7ocuk Hastal\u0131klar\u0131 E\u011fitim ve Ara\u015ft\u0131rma Hastanesi\u2019nde ihtisas\u0131n\u0131 tamamlad\u0131. 1999-2003 y\u0131llar\u0131 aras\u0131nda Bezmi Alem Vak\u0131f Gureba E\u011fitim ve Ara\u015ft\u0131rma Hastanesi\u2019nde uzman doktor olarak \u00e7al\u0131\u015ft\u0131ktan sonra 2004 y\u0131l\u0131nda T\u00fcp Bebek e\u011fitimi almak \u00fczere Zeynep Kamil E\u011fitim ve Ara\u015ft\u0131rma Hastanesi\u2019ndne g\u00f6rev yapt\u0131\u0131. 2004 y\u0131l\u0131ndan itibaren \u00fcremeye yard\u0131mc\u0131 tedaviler ve t\u00fcp bebek alan\u0131nda \u00e7al\u0131\u015fmalar\u0131na devam etti. 2008 y\u0131l\u0131nda Amerika\u2019da Harvard \u00dcniversitesi, Brigham and Women\u2019s Hastanesi T\u00fcp Bebek \u00dcnitesi\u2019nde \u00e7al\u0131\u015f\u0131p ara\u015ft\u0131rmalara kat\u0131ld\u0131. 2007 y\u0131l\u0131nda alt\u0131 ay s\u00fcreyle Avustralya\u2019da Sidney \u00dcniversitesi Royal Prince Alfred Hastanesi\u2019nde g\u00f6rev yapt\u0131. \u00d6zellikle \u201cJinekolojik Laparoskopi\u201d ve \u201cHisteroskopi\u201d konular\u0131nda yo\u011funla\u015farak, ba\u015fta Prof. Jonathan Carter MD, Prof. Chris Benness MD ve Nesrin Varol MD olmak \u00fczere bir\u00e7ok jinekolog cerrah ile ellinin \u00fczerinde operasyona dahil oldu."},{"@type":"WebSite","@id":"https:\/\/www.nilaykaraca.com\/#website","url":"https:\/\/www.nilaykaraca.com\/","name":"Assoc. Dr. Nilay Karaca","description":"IVF, Pregnancy, Gynecology Expert","publisher":{"@id":"https:\/\/www.nilaykaraca.com\/#\/schema\/person\/77184ed5e4793db920a29aa23fc2a093"},"potentialAction":[{"@type":"SearchAction","target":{"@type":"EntryPoint","urlTemplate":"https:\/\/www.nilaykaraca.com\/?s={search_term_string}"},"query-input":"required name=search_term_string"}],"inLanguage":"en-US"},{"@type":"WebPage","@id":"https:\/\/www.nilaykaraca.com\/en\/cookie-policy\/#webpage","url":"https:\/\/www.nilaykaraca.com\/en\/cookie-policy\/","name":"Cookie Policy - Assoc. Dr. Nilay Karaca","isPartOf":{"@id":"https:\/\/www.nilaykaraca.com\/#website"},"datePublished":"2021-10-18T13:51:12+00:00","dateModified":"2021-10-21T18:19:24+00:00","description":"The Cookie Policy explains what cookies are and how we use them, the types of cookies we use, their functions and areas of use.","breadcrumb":{"@id":"https:\/\/www.nilaykaraca.com\/en\/cookie-policy\/#breadcrumb"},"inLanguage":"en-US","potentialAction":[{"@type":"ReadAction","target":["https:\/\/www.nilaykaraca.com\/en\/cookie-policy\/"]}]},{"@type":"BreadcrumbList","@id":"https:\/\/www.nilaykaraca.com\/en\/cookie-policy\/#breadcrumb","itemListElement":[{"@type":"ListItem","position":1,"name":"Anasayfa","item":"https:\/\/www.nilaykaraca.com\/en\/"},{"@type":"ListItem","position":2,"name":"Cookie Policy"}]}]}},"_links":{"self":[{"href":"https:\/\/www.nilaykaraca.com\/en\/wp-json\/wp\/v2\/pages\/10587"}],"collection":[{"href":"https:\/\/www.nilaykaraca.com\/en\/wp-json\/wp\/v2\/pages"}],"about":[{"href":"https:\/\/www.nilaykaraca.com\/en\/wp-json\/wp\/v2\/types\/page"}],"author":[{"embeddable":true,"href":"https:\/\/www.nilaykaraca.com\/en\/wp-json\/wp\/v2\/users\/1"}],"replies":[{"embeddable":true,"href":"https:\/\/www.nilaykaraca.com\/en\/wp-json\/wp\/v2\/comments?post=10587"}],"version-history":[{"count":1,"href":"https:\/\/www.nilaykaraca.com\/en\/wp-json\/wp\/v2\/pages\/10587\/revisions"}],"predecessor-version":[{"id":10909,"href":"https:\/\/www.nilaykaraca.com\/en\/wp-json\/wp\/v2\/pages\/10587\/revisions\/10909"}],"wp:attachment":[{"href":"https:\/\/www.nilaykaraca.com\/en\/wp-json\/wp\/v2\/media?parent=10587"}],"curies":[{"name":"wp","href":"https:\/\/api.w.org\/{rel}","templated":true}]}}