{"id":10259,"date":"2021-10-15T21:44:26","date_gmt":"2021-10-15T18:44:26","guid":{"rendered":"https:\/\/www.nilaykaraca.com\/ivf-treatment\/embryo-transfer\/"},"modified":"2021-10-22T09:10:55","modified_gmt":"2021-10-22T06:10:55","slug":"embryo-transfer","status":"publish","type":"page","link":"https:\/\/www.nilaykaraca.com\/en\/services\/ivf-treatment\/embryo-transfer\/","title":{"rendered":"Embryo Transfer"},"content":{"rendered":"\t\t<div data-elementor-type=\"wp-page\" data-elementor-id=\"10259\" class=\"elementor elementor-10259 elementor-8962\" data-elementor-settings=\"[]\">\n\t\t\t\t\t\t\t<div class=\"elementor-section-wrap\">\n\t\t\t\t\t\t\t<section class=\"elementor-section elementor-top-section elementor-element elementor-element-3af3f7ff elementor-section-boxed elementor-section-height-default elementor-section-height-default\" data-id=\"3af3f7ff\" data-element_type=\"section\">\n\t\t\t\t\t\t<div class=\"elementor-container elementor-column-gap-default\">\n\t\t\t\t\t<div class=\"elementor-column elementor-col-100 elementor-top-column elementor-element elementor-element-67c3db3a\" data-id=\"67c3db3a\" data-element_type=\"column\">\n\t\t\t<div class=\"elementor-widget-wrap elementor-element-populated\">\n\t\t\t\t\t\t\t\t<div class=\"elementor-element elementor-element-328ee78 elementor-widget elementor-widget-image\" data-id=\"328ee78\" data-element_type=\"widget\" data-widget_type=\"image.default\">\n\t\t\t\t<div class=\"elementor-widget-container\">\n\t\t\t\t\t\t\t\t\t\t\t\t\t\t\t<img src=\"https:\/\/www.nilaykaraca.com\/wp-content\/uploads\/elementor\/thumbs\/nilay-karaca-dollenme-fertilizasyon-pb85n2258wtgihzdyxre7xk5fu583yaeka5s605ltk.jpg\" title=\"nilay-karaca-sperm-egg-embryo-security\" alt=\"nilay-karaca-sperm-egg-embryo-security\" \/>\t\t\t\t\t\t\t\t\t\t\t\t\t\t\t<\/div>\n\t\t\t\t<\/div>\n\t\t\t\t<section class=\"elementor-section elementor-inner-section elementor-element elementor-element-4927222 elementor-section-boxed elementor-section-height-default elementor-section-height-default\" data-id=\"4927222\" data-element_type=\"section\">\n\t\t\t\t\t\t<div class=\"elementor-container elementor-column-gap-default\">\n\t\t\t\t\t<div class=\"elementor-column elementor-col-50 elementor-inner-column elementor-element elementor-element-acbf258\" data-id=\"acbf258\" data-element_type=\"column\">\n\t\t\t<div class=\"elementor-widget-wrap elementor-element-populated\">\n\t\t\t\t\t\t\t\t<div class=\"elementor-element elementor-element-ed0a68d elementor-widget elementor-widget-text-editor\" data-id=\"ed0a68d\" data-element_type=\"widget\" data-widget_type=\"text-editor.default\">\n\t\t\t\t<div class=\"elementor-widget-container\">\n\t\t\t\t\t\t\t<p>The fertilized egg is called an embryo. Embryos are followed in the laboratory environment according to the number and quality of the embryos. or 5. day embryo transfer.&nbsp;<\/p>\n<p>However, embryos in centers with good laboratory conditions 5. can be kept up to day and high quality 5. They can transform into a day embryo, that is, a blastocyst. We are 5 in our clinic. We do embryo transfer more heavily at the blastocyst stage.&nbsp;<\/p>\n<p>However, if the number of embryos is limited and there is no choice, we prefer the 3rd day transfer. 5. The advantage of day embryo transfer, 3. In addition, the chance of pregnancy is 10-15% higher than day transfer and it allows the selection of the most correct embryo. In this way, it is possible to obtain a 50% chance of pregnancy with a single embryo transfer in patients under the age of 35.&nbsp;<\/p>\n<p>Because there is a direct relationship between the number of embryos transferred and clinical pregnancy in IVF applications. As the number of embryos transferred increases, the chance of pregnancy increases, and the rate of multiple pregnancy also increases.<\/p>\n\t\t\t\t\t\t<\/div>\n\t\t\t\t<\/div>\n\t\t\t\t\t<\/div>\n\t\t<\/div>\n\t\t\t\t<div class=\"elementor-column elementor-col-50 elementor-inner-column elementor-element elementor-element-fd4a523\" data-id=\"fd4a523\" data-element_type=\"column\">\n\t\t\t<div class=\"elementor-widget-wrap elementor-element-populated\">\n\t\t\t\t\t\t\t\t<div class=\"elementor-element elementor-element-af47d43 elementor-widget elementor-widget-image\" data-id=\"af47d43\" data-element_type=\"widget\" data-widget_type=\"image.default\">\n\t\t\t\t<div class=\"elementor-widget-container\">\n\t\t\t\t\t\t\t\t\t\t\t\t\t\t\t<img width=\"800\" height=\"539\" src=\"https:\/\/www.nilaykaraca.com\/wp-content\/uploads\/2021\/09\/nilay-karaca-embriyo-transferi-02.jpg\" class=\"attachment-full size-full\" alt=\"\" srcset=\"https:\/\/www.nilaykaraca.com\/wp-content\/uploads\/2021\/09\/nilay-karaca-embriyo-transferi-02.jpg 800w, https:\/\/www.nilaykaraca.com\/wp-content\/uploads\/2021\/09\/nilay-karaca-embriyo-transferi-02-300x202.jpg 300w, https:\/\/www.nilaykaraca.com\/wp-content\/uploads\/2021\/09\/nilay-karaca-embriyo-transferi-02-768x517.jpg 768w, https:\/\/www.nilaykaraca.com\/wp-content\/uploads\/2021\/09\/nilay-karaca-embriyo-transferi-02-370x249.jpg 370w\" sizes=\"(max-width: 800px) 100vw, 800px\" \/>\t\t\t\t\t\t\t\t\t\t\t\t\t\t\t<\/div>\n\t\t\t\t<\/div>\n\t\t\t\t\t<\/div>\n\t\t<\/div>\n\t\t\t\t\t\t\t<\/div>\n\t\t<\/section>\n\t\t\t\t\t<\/div>\n\t\t<\/div>\n\t\t\t\t\t\t\t<\/div>\n\t\t<\/section>\n\t\t\t\t<section class=\"elementor-section elementor-top-section elementor-element elementor-element-2dfb16e elementor-section-boxed elementor-section-height-default elementor-section-height-default\" data-id=\"2dfb16e\" data-element_type=\"section\">\n\t\t\t\t\t\t<div class=\"elementor-container elementor-column-gap-default\">\n\t\t\t\t\t<div class=\"elementor-column elementor-col-100 elementor-top-column elementor-element elementor-element-6d655ce\" data-id=\"6d655ce\" data-element_type=\"column\">\n\t\t\t<div class=\"elementor-widget-wrap elementor-element-populated\">\n\t\t\t\t\t\t\t\t<div class=\"elementor-element elementor-element-1e5b83cd elementor-widget elementor-widget-heading\" data-id=\"1e5b83cd\" data-element_type=\"widget\" data-widget_type=\"heading.default\">\n\t\t\t\t<div class=\"elementor-widget-container\">\n\t\t\t<h3 class=\"elementor-heading-title elementor-size-default\">Similar Services<\/h3>\t\t<\/div>\n\t\t\t\t<\/div>\n\t\t\t\t\t<\/div>\n\t\t<\/div>\n\t\t\t\t\t\t\t<\/div>\n\t\t<\/section>\n\t\t\t\t<section class=\"elementor-section elementor-top-section elementor-element elementor-element-f338819 animated-fast elementor-section-boxed elementor-section-height-default elementor-section-height-default elementor-invisible\" data-id=\"f338819\" data-element_type=\"section\" data-settings=\"{&quot;animation&quot;:&quot;slideInUp&quot;}\">\n\t\t\t\t\t\t<div class=\"elementor-container elementor-column-gap-no\">\n\t\t\t\t\t<div class=\"elementor-column elementor-col-33 elementor-top-column elementor-element elementor-element-33da68f\" data-id=\"33da68f\" data-element_type=\"column\">\n\t\t\t<div class=\"elementor-widget-wrap elementor-element-populated\">\n\t\t\t\t\t\t\t\t<div class=\"elementor-element elementor-element-7a54f57 elementor-widget__width-initial elementor-widget elementor-widget-jet-animated-box\" data-id=\"7a54f57\" data-element_type=\"widget\" data-widget_type=\"jet-animated-box.default\">\n\t\t\t\t<div class=\"elementor-widget-container\">\n\t\t\t<div class=\"elementor-jet-animated-box jet-elements\"><div id=\"jet-animated-box-7a54f57\" class=\"jet-animated-box jet-box-effect-5\" data-settings='{\"widgetId\":\"7a54f57\",\"switchEventType\":\"hover\",\"paperFoldDirection\":\"left\",\"slideOutDirection\":\"left\"}'>\n\t<div id=\"jet-animated-box__front-7a54f57\" class=\"jet-animated-box__front\">\n\t\t<div class=\"jet-animated-box__inner\"><div class=\"jet-animated-box__content\"><h3 class=\"jet-animated-box__title jet-animated-box__title--front\">FERTILIZATION<\/h3><\/div><\/div>\n\t\t<div class=\"jet-animated-box__overlay\"><\/div><\/div>\n\t<div id=\"jet-animated-box__back-7a54f57\" class=\"jet-animated-box__back\">\n\t\t<div class=\"jet-animated-box__inner\"><div class=\"jet-animated-box__content\"><h3 class=\"jet-animated-box__title jet-animated-box__title--back\">FERTILIZATION<\/h3><a class=\"elementor-button elementor-size-md jet-animated-box__button jet-animated-box__button--back jet-animated-box__button--icon-\" href=\"https:\/\/www.nilaykaraca.com\/en\/services\/ivf-treatment\/fertilization-fertilization\/\"><span class=\"jet-animated-box__button-text\">Details<\/span><\/a>\n\n<\/div><\/div>\n\t\t<div class=\"jet-animated-box__overlay\"><\/div><\/div>\n<\/div>\n<\/div>\t\t<\/div>\n\t\t\t\t<\/div>\n\t\t\t\t\t<\/div>\n\t\t<\/div>\n\t\t\t\t<div class=\"elementor-column elementor-col-33 elementor-top-column elementor-element elementor-element-453671e\" data-id=\"453671e\" data-element_type=\"column\">\n\t\t\t<div class=\"elementor-widget-wrap elementor-element-populated\">\n\t\t\t\t\t\t\t\t<div class=\"elementor-element elementor-element-8168ff0 elementor-widget__width-initial elementor-widget elementor-widget-jet-animated-box\" data-id=\"8168ff0\" data-element_type=\"widget\" data-widget_type=\"jet-animated-box.default\">\n\t\t\t\t<div class=\"elementor-widget-container\">\n\t\t\t<div class=\"elementor-jet-animated-box jet-elements\"><div id=\"jet-animated-box-8168ff0\" class=\"jet-animated-box jet-box-effect-5\" data-settings='{\"widgetId\":\"8168ff0\",\"switchEventType\":\"hover\",\"paperFoldDirection\":\"left\",\"slideOutDirection\":\"left\"}'>\n\t<div id=\"jet-animated-box__front-8168ff0\" class=\"jet-animated-box__front\">\n\t\t<div class=\"jet-animated-box__inner\"><div class=\"jet-animated-box__content\"><h3 class=\"jet-animated-box__title jet-animated-box__title--front\">MICRO TESE<\/h3><\/div><\/div>\n\t\t<div class=\"jet-animated-box__overlay\"><\/div><\/div>\n\t<div id=\"jet-animated-box__back-8168ff0\" class=\"jet-animated-box__back\">\n\t\t<div class=\"jet-animated-box__inner\"><div class=\"jet-animated-box__content\"><h3 class=\"jet-animated-box__title jet-animated-box__title--back\">MICRO TESE<\/h3><a class=\"elementor-button elementor-size-md jet-animated-box__button jet-animated-box__button--back jet-animated-box__button--icon-\" href=\"https:\/\/www.nilaykaraca.com\/en\/services\/ivf-treatment\/microtese\/\"><span class=\"jet-animated-box__button-text\">Details<\/span><\/a>\n\n<\/div><\/div>\n\t\t<div class=\"jet-animated-box__overlay\"><\/div><\/div>\n<\/div>\n<\/div>\t\t<\/div>\n\t\t\t\t<\/div>\n\t\t\t\t\t<\/div>\n\t\t<\/div>\n\t\t\t\t<div class=\"elementor-column elementor-col-33 elementor-top-column elementor-element elementor-element-bf1c147\" data-id=\"bf1c147\" data-element_type=\"column\">\n\t\t\t<div class=\"elementor-widget-wrap elementor-element-populated\">\n\t\t\t\t\t\t\t\t<div class=\"elementor-element elementor-element-d3da1b5 elementor-widget__width-initial elementor-widget elementor-widget-jet-animated-box\" data-id=\"d3da1b5\" data-element_type=\"widget\" data-widget_type=\"jet-animated-box.default\">\n\t\t\t\t<div class=\"elementor-widget-container\">\n\t\t\t<div class=\"elementor-jet-animated-box jet-elements\"><div id=\"jet-animated-box-d3da1b5\" class=\"jet-animated-box jet-box-effect-5\" data-settings='{\"widgetId\":\"d3da1b5\",\"switchEventType\":\"hover\",\"paperFoldDirection\":\"left\",\"slideOutDirection\":\"left\"}'>\n\t<div id=\"jet-animated-box__front-d3da1b5\" class=\"jet-animated-box__front\">\n\t\t<div class=\"jet-animated-box__inner\"><div class=\"jet-animated-box__content\"><h3 class=\"jet-animated-box__title jet-animated-box__title--front\">EMBRYO FREEZE<\/h3><\/div><\/div>\n\t\t<div class=\"jet-animated-box__overlay\"><\/div><\/div>\n\t<div id=\"jet-animated-box__back-d3da1b5\" class=\"jet-animated-box__back\">\n\t\t<div class=\"jet-animated-box__inner\"><div class=\"jet-animated-box__content\"><h3 class=\"jet-animated-box__title jet-animated-box__title--back\">EMBRYO FREEZE<\/h3><a class=\"elementor-button elementor-size-md jet-animated-box__button jet-animated-box__button--back jet-animated-box__button--icon-\" href=\"https:\/\/www.nilaykaraca.com\/en\/services\/ivf-treatment\/embryo-freezing\/\"><span class=\"jet-animated-box__button-text\">Details<\/span><\/a>\n\n<\/div><\/div>\n\t\t<div class=\"jet-animated-box__overlay\"><\/div><\/div>\n<\/div>\n<\/div>\t\t<\/div>\n\t\t\t\t<\/div>\n\t\t\t\t\t<\/div>\n\t\t<\/div>\n\t\t\t\t\t\t\t<\/div>\n\t\t<\/section>\n\t\t\t\t\t\t<\/div>\n\t\t\t\t\t<\/div>\n\t\t","protected":false},"excerpt":{"rendered":"<p>The fertilized egg is called an embryo. Embryos are followed in the laboratory environment according to the number and quality of the embryos. or 5. day embryo transfer.&nbsp; However, embryos in centers with good laboratory conditions 5. can be kept up to day and high quality 5. They can transform into a day embryo, that [&hellip;]<\/p>\n","protected":false},"author":1,"featured_media":0,"parent":10187,"menu_order":0,"comment_status":"closed","ping_status":"closed","template":"elementor_header_footer","meta":[],"yoast_head":"<!-- This site is optimized with the Yoast SEO Premium plugin v17.6 (Yoast SEO v17.6) - https:\/\/yoast.com\/wordpress\/plugins\/seo\/ -->\n<title>Embryo Transfer - Assoc. Dr. Nilay Karaca<\/title>\n<meta name=\"description\" content=\"Embryos are followed in the laboratory environment and embryo transfer is performed on the 3rd or 5th day depending on the number and quality of the embryos.\" \/>\n<meta name=\"robots\" content=\"index, follow, max-snippet:-1, max-image-preview:large, max-video-preview:-1\" \/>\n<link rel=\"canonical\" href=\"https:\/\/www.nilaykaraca.com\/en\/services\/ivf-treatment\/embryo-transfer\/\" \/>\n<meta property=\"og:locale\" content=\"en_US\" \/>\n<meta property=\"og:type\" content=\"article\" \/>\n<meta property=\"og:title\" content=\"Embryo Transfer\" \/>\n<meta property=\"og:description\" content=\"Embryos are followed in the laboratory environment and embryo transfer is performed on the 3rd or 5th day depending on the number and quality of the embryos.\" \/>\n<meta property=\"og:url\" content=\"https:\/\/www.nilaykaraca.com\/en\/services\/ivf-treatment\/embryo-transfer\/\" \/>\n<meta property=\"og:site_name\" content=\"Assoc. Dr. Nilay Karaca\" \/>\n<meta property=\"article:modified_time\" content=\"2021-10-22T06:10:55+00:00\" \/>\n<meta property=\"og:image\" content=\"https:\/\/www.nilaykaraca.com\/wp-content\/uploads\/elementor\/thumbs\/nilay-karaca-dollenme-fertilizasyon-pb85n2258wtgihzdyxre7xk5fu583yaeka5s605ltk.jpg\" \/>\n<meta name=\"twitter:card\" content=\"summary_large_image\" \/>\n<meta name=\"twitter:label1\" content=\"Est. reading time\" \/>\n\t<meta name=\"twitter:data1\" content=\"1 minute\" \/>\n<script type=\"application\/ld+json\" class=\"yoast-schema-graph\">{\"@context\":\"https:\/\/schema.org\",\"@graph\":[{\"@type\":[\"Person\",\"Organization\"],\"@id\":\"https:\/\/www.nilaykaraca.com\/#\/schema\/person\/77184ed5e4793db920a29aa23fc2a093\",\"name\":\"Nilay Karaca\",\"image\":{\"@type\":\"ImageObject\",\"@id\":\"https:\/\/www.nilaykaraca.com\/#personlogo\",\"inLanguage\":\"en-US\",\"url\":\"https:\/\/www.nilaykaraca.com\/wp-content\/uploads\/2021\/08\/nilay-karaca-anasayfa-klinik.jpg\",\"contentUrl\":\"https:\/\/www.nilaykaraca.com\/wp-content\/uploads\/2021\/08\/nilay-karaca-anasayfa-klinik.jpg\",\"width\":951,\"height\":498,\"caption\":\"Nilay Karaca\"},\"logo\":{\"@id\":\"https:\/\/www.nilaykaraca.com\/#personlogo\"},\"description\":\"Nilay Karaca 1972 y\\u0131l\\u0131nda Tunceli\\u2019nin \\u00c7emi\\u015fkezek il\\u00e7esinde do\\u011fdu. 1978 - 1989 ilk, orta ve lise \\u00f6\\u011frenimini \\u00c7emi\\u015fkezek\\u2019de tamamlad\\u0131. 1995 y\\u0131l\\u0131nda \\u0130stanbul \\u00dcniversitesi \\u0130stanbul T\\u0131p Fak\\u00fcltesi\\u2019nden mezun olduktan sonra, 1999\\u2019da \\u0130stanbul Bak\\u0131rk\\u00f6y Do\\u011fumevi Kad\\u0131n ve \\u00c7ocuk Hastal\\u0131klar\\u0131 E\\u011fitim ve Ara\\u015ft\\u0131rma Hastanesi\\u2019nde ihtisas\\u0131n\\u0131 tamamlad\\u0131. 1999-2003 y\\u0131llar\\u0131 aras\\u0131nda Bezmi Alem Vak\\u0131f Gureba E\\u011fitim ve Ara\\u015ft\\u0131rma Hastanesi\\u2019nde uzman doktor olarak \\u00e7al\\u0131\\u015ft\\u0131ktan sonra 2004 y\\u0131l\\u0131nda T\\u00fcp Bebek e\\u011fitimi almak \\u00fczere Zeynep Kamil E\\u011fitim ve Ara\\u015ft\\u0131rma Hastanesi\\u2019ndne g\\u00f6rev yapt\\u0131\\u0131. 2004 y\\u0131l\\u0131ndan itibaren \\u00fcremeye yard\\u0131mc\\u0131 tedaviler ve t\\u00fcp bebek alan\\u0131nda \\u00e7al\\u0131\\u015fmalar\\u0131na devam etti. 2008 y\\u0131l\\u0131nda Amerika\\u2019da Harvard \\u00dcniversitesi, Brigham and Women\\u2019s Hastanesi T\\u00fcp Bebek \\u00dcnitesi\\u2019nde \\u00e7al\\u0131\\u015f\\u0131p ara\\u015ft\\u0131rmalara kat\\u0131ld\\u0131. 2007 y\\u0131l\\u0131nda alt\\u0131 ay s\\u00fcreyle Avustralya\\u2019da Sidney \\u00dcniversitesi Royal Prince Alfred Hastanesi\\u2019nde g\\u00f6rev yapt\\u0131. \\u00d6zellikle \\u201cJinekolojik Laparoskopi\\u201d ve \\u201cHisteroskopi\\u201d konular\\u0131nda yo\\u011funla\\u015farak, ba\\u015fta Prof. Jonathan Carter MD, Prof. Chris Benness MD ve Nesrin Varol MD olmak \\u00fczere bir\\u00e7ok jinekolog cerrah ile ellinin \\u00fczerinde operasyona dahil oldu.\"},{\"@type\":\"WebSite\",\"@id\":\"https:\/\/www.nilaykaraca.com\/#website\",\"url\":\"https:\/\/www.nilaykaraca.com\/\",\"name\":\"Assoc. Dr. Nilay Karaca\",\"description\":\"IVF, Pregnancy, Gynecology Expert\",\"publisher\":{\"@id\":\"https:\/\/www.nilaykaraca.com\/#\/schema\/person\/77184ed5e4793db920a29aa23fc2a093\"},\"potentialAction\":[{\"@type\":\"SearchAction\",\"target\":{\"@type\":\"EntryPoint\",\"urlTemplate\":\"https:\/\/www.nilaykaraca.com\/?s={search_term_string}\"},\"query-input\":\"required name=search_term_string\"}],\"inLanguage\":\"en-US\"},{\"@type\":\"ImageObject\",\"@id\":\"https:\/\/www.nilaykaraca.com\/en\/services\/ivf-treatment\/embryo-transfer\/#primaryimage\",\"inLanguage\":\"en-US\",\"url\":\"https:\/\/www.nilaykaraca.com\/wp-content\/uploads\/elementor\/thumbs\/nilay-karaca-dollenme-fertilizasyon-pb85n2258wtgihzdyxre7xk5fu583yaeka5s605ltk.jpg\",\"contentUrl\":\"https:\/\/www.nilaykaraca.com\/wp-content\/uploads\/elementor\/thumbs\/nilay-karaca-dollenme-fertilizasyon-pb85n2258wtgihzdyxre7xk5fu583yaeka5s605ltk.jpg\"},{\"@type\":\"WebPage\",\"@id\":\"https:\/\/www.nilaykaraca.com\/en\/services\/ivf-treatment\/embryo-transfer\/#webpage\",\"url\":\"https:\/\/www.nilaykaraca.com\/en\/services\/ivf-treatment\/embryo-transfer\/\",\"name\":\"Embryo Transfer - Assoc. Dr. Nilay Karaca\",\"isPartOf\":{\"@id\":\"https:\/\/www.nilaykaraca.com\/#website\"},\"primaryImageOfPage\":{\"@id\":\"https:\/\/www.nilaykaraca.com\/en\/services\/ivf-treatment\/embryo-transfer\/#primaryimage\"},\"datePublished\":\"2021-10-15T18:44:26+00:00\",\"dateModified\":\"2021-10-22T06:10:55+00:00\",\"description\":\"Embryos are followed in the laboratory environment and embryo transfer is performed on the 3rd or 5th day depending on the number and quality of the embryos.\",\"breadcrumb\":{\"@id\":\"https:\/\/www.nilaykaraca.com\/en\/services\/ivf-treatment\/embryo-transfer\/#breadcrumb\"},\"inLanguage\":\"en-US\",\"potentialAction\":[{\"@type\":\"ReadAction\",\"target\":[\"https:\/\/www.nilaykaraca.com\/en\/services\/ivf-treatment\/embryo-transfer\/\"]}]},{\"@type\":\"BreadcrumbList\",\"@id\":\"https:\/\/www.nilaykaraca.com\/en\/services\/ivf-treatment\/embryo-transfer\/#breadcrumb\",\"itemListElement\":[{\"@type\":\"ListItem\",\"position\":1,\"name\":\"Anasayfa\",\"item\":\"https:\/\/www.nilaykaraca.com\/en\/\"},{\"@type\":\"ListItem\",\"position\":2,\"name\":\"Services\",\"item\":\"https:\/\/www.nilaykaraca.com\/en\/services\/\"},{\"@type\":\"ListItem\",\"position\":3,\"name\":\"IVF Treatment\",\"item\":\"https:\/\/www.nilaykaraca.com\/en\/services\/ivf-treatment\/\"},{\"@type\":\"ListItem\",\"position\":4,\"name\":\"Embryo Transfer\"}]}]}<\/script>\n<!-- \/ Yoast SEO Premium plugin. -->","yoast_head_json":{"title":"Embryo Transfer - Assoc. Dr. Nilay Karaca","description":"Embryos are followed in the laboratory environment and embryo transfer is performed on the 3rd or 5th day depending on the number and quality of the embryos.","robots":{"index":"index","follow":"follow","max-snippet":"max-snippet:-1","max-image-preview":"max-image-preview:large","max-video-preview":"max-video-preview:-1"},"canonical":"https:\/\/www.nilaykaraca.com\/en\/services\/ivf-treatment\/embryo-transfer\/","og_locale":"en_US","og_type":"article","og_title":"Embryo Transfer","og_description":"Embryos are followed in the laboratory environment and embryo transfer is performed on the 3rd or 5th day depending on the number and quality of the embryos.","og_url":"https:\/\/www.nilaykaraca.com\/en\/services\/ivf-treatment\/embryo-transfer\/","og_site_name":"Assoc. Dr. Nilay Karaca","article_modified_time":"2021-10-22T06:10:55+00:00","og_image":[{"url":"https:\/\/www.nilaykaraca.com\/wp-content\/uploads\/elementor\/thumbs\/nilay-karaca-dollenme-fertilizasyon-pb85n2258wtgihzdyxre7xk5fu583yaeka5s605ltk.jpg"}],"twitter_card":"summary_large_image","twitter_misc":{"Est. reading time":"1 minute"},"schema":{"@context":"https:\/\/schema.org","@graph":[{"@type":["Person","Organization"],"@id":"https:\/\/www.nilaykaraca.com\/#\/schema\/person\/77184ed5e4793db920a29aa23fc2a093","name":"Nilay Karaca","image":{"@type":"ImageObject","@id":"https:\/\/www.nilaykaraca.com\/#personlogo","inLanguage":"en-US","url":"https:\/\/www.nilaykaraca.com\/wp-content\/uploads\/2021\/08\/nilay-karaca-anasayfa-klinik.jpg","contentUrl":"https:\/\/www.nilaykaraca.com\/wp-content\/uploads\/2021\/08\/nilay-karaca-anasayfa-klinik.jpg","width":951,"height":498,"caption":"Nilay Karaca"},"logo":{"@id":"https:\/\/www.nilaykaraca.com\/#personlogo"},"description":"Nilay Karaca 1972 y\u0131l\u0131nda Tunceli\u2019nin \u00c7emi\u015fkezek il\u00e7esinde do\u011fdu. 1978 - 1989 ilk, orta ve lise \u00f6\u011frenimini \u00c7emi\u015fkezek\u2019de tamamlad\u0131. 1995 y\u0131l\u0131nda \u0130stanbul \u00dcniversitesi \u0130stanbul T\u0131p Fak\u00fcltesi\u2019nden mezun olduktan sonra, 1999\u2019da \u0130stanbul Bak\u0131rk\u00f6y Do\u011fumevi Kad\u0131n ve \u00c7ocuk Hastal\u0131klar\u0131 E\u011fitim ve Ara\u015ft\u0131rma Hastanesi\u2019nde ihtisas\u0131n\u0131 tamamlad\u0131. 1999-2003 y\u0131llar\u0131 aras\u0131nda Bezmi Alem Vak\u0131f Gureba E\u011fitim ve Ara\u015ft\u0131rma Hastanesi\u2019nde uzman doktor olarak \u00e7al\u0131\u015ft\u0131ktan sonra 2004 y\u0131l\u0131nda T\u00fcp Bebek e\u011fitimi almak \u00fczere Zeynep Kamil E\u011fitim ve Ara\u015ft\u0131rma Hastanesi\u2019ndne g\u00f6rev yapt\u0131\u0131. 2004 y\u0131l\u0131ndan itibaren \u00fcremeye yard\u0131mc\u0131 tedaviler ve t\u00fcp bebek alan\u0131nda \u00e7al\u0131\u015fmalar\u0131na devam etti. 2008 y\u0131l\u0131nda Amerika\u2019da Harvard \u00dcniversitesi, Brigham and Women\u2019s Hastanesi T\u00fcp Bebek \u00dcnitesi\u2019nde \u00e7al\u0131\u015f\u0131p ara\u015ft\u0131rmalara kat\u0131ld\u0131. 2007 y\u0131l\u0131nda alt\u0131 ay s\u00fcreyle Avustralya\u2019da Sidney \u00dcniversitesi Royal Prince Alfred Hastanesi\u2019nde g\u00f6rev yapt\u0131. \u00d6zellikle \u201cJinekolojik Laparoskopi\u201d ve \u201cHisteroskopi\u201d konular\u0131nda yo\u011funla\u015farak, ba\u015fta Prof. Jonathan Carter MD, Prof. Chris Benness MD ve Nesrin Varol MD olmak \u00fczere bir\u00e7ok jinekolog cerrah ile ellinin \u00fczerinde operasyona dahil oldu."},{"@type":"WebSite","@id":"https:\/\/www.nilaykaraca.com\/#website","url":"https:\/\/www.nilaykaraca.com\/","name":"Assoc. Dr. Nilay Karaca","description":"IVF, Pregnancy, Gynecology Expert","publisher":{"@id":"https:\/\/www.nilaykaraca.com\/#\/schema\/person\/77184ed5e4793db920a29aa23fc2a093"},"potentialAction":[{"@type":"SearchAction","target":{"@type":"EntryPoint","urlTemplate":"https:\/\/www.nilaykaraca.com\/?s={search_term_string}"},"query-input":"required name=search_term_string"}],"inLanguage":"en-US"},{"@type":"ImageObject","@id":"https:\/\/www.nilaykaraca.com\/en\/services\/ivf-treatment\/embryo-transfer\/#primaryimage","inLanguage":"en-US","url":"https:\/\/www.nilaykaraca.com\/wp-content\/uploads\/elementor\/thumbs\/nilay-karaca-dollenme-fertilizasyon-pb85n2258wtgihzdyxre7xk5fu583yaeka5s605ltk.jpg","contentUrl":"https:\/\/www.nilaykaraca.com\/wp-content\/uploads\/elementor\/thumbs\/nilay-karaca-dollenme-fertilizasyon-pb85n2258wtgihzdyxre7xk5fu583yaeka5s605ltk.jpg"},{"@type":"WebPage","@id":"https:\/\/www.nilaykaraca.com\/en\/services\/ivf-treatment\/embryo-transfer\/#webpage","url":"https:\/\/www.nilaykaraca.com\/en\/services\/ivf-treatment\/embryo-transfer\/","name":"Embryo Transfer - Assoc. Dr. Nilay Karaca","isPartOf":{"@id":"https:\/\/www.nilaykaraca.com\/#website"},"primaryImageOfPage":{"@id":"https:\/\/www.nilaykaraca.com\/en\/services\/ivf-treatment\/embryo-transfer\/#primaryimage"},"datePublished":"2021-10-15T18:44:26+00:00","dateModified":"2021-10-22T06:10:55+00:00","description":"Embryos are followed in the laboratory environment and embryo transfer is performed on the 3rd or 5th day depending on the number and quality of the embryos.","breadcrumb":{"@id":"https:\/\/www.nilaykaraca.com\/en\/services\/ivf-treatment\/embryo-transfer\/#breadcrumb"},"inLanguage":"en-US","potentialAction":[{"@type":"ReadAction","target":["https:\/\/www.nilaykaraca.com\/en\/services\/ivf-treatment\/embryo-transfer\/"]}]},{"@type":"BreadcrumbList","@id":"https:\/\/www.nilaykaraca.com\/en\/services\/ivf-treatment\/embryo-transfer\/#breadcrumb","itemListElement":[{"@type":"ListItem","position":1,"name":"Anasayfa","item":"https:\/\/www.nilaykaraca.com\/en\/"},{"@type":"ListItem","position":2,"name":"Services","item":"https:\/\/www.nilaykaraca.com\/en\/services\/"},{"@type":"ListItem","position":3,"name":"IVF Treatment","item":"https:\/\/www.nilaykaraca.com\/en\/services\/ivf-treatment\/"},{"@type":"ListItem","position":4,"name":"Embryo Transfer"}]}]}},"_links":{"self":[{"href":"https:\/\/www.nilaykaraca.com\/en\/wp-json\/wp\/v2\/pages\/10259"}],"collection":[{"href":"https:\/\/www.nilaykaraca.com\/en\/wp-json\/wp\/v2\/pages"}],"about":[{"href":"https:\/\/www.nilaykaraca.com\/en\/wp-json\/wp\/v2\/types\/page"}],"author":[{"embeddable":true,"href":"https:\/\/www.nilaykaraca.com\/en\/wp-json\/wp\/v2\/users\/1"}],"replies":[{"embeddable":true,"href":"https:\/\/www.nilaykaraca.com\/en\/wp-json\/wp\/v2\/comments?post=10259"}],"version-history":[{"count":4,"href":"https:\/\/www.nilaykaraca.com\/en\/wp-json\/wp\/v2\/pages\/10259\/revisions"}],"predecessor-version":[{"id":11004,"href":"https:\/\/www.nilaykaraca.com\/en\/wp-json\/wp\/v2\/pages\/10259\/revisions\/11004"}],"up":[{"embeddable":true,"href":"https:\/\/www.nilaykaraca.com\/en\/wp-json\/wp\/v2\/pages\/10187"}],"wp:attachment":[{"href":"https:\/\/www.nilaykaraca.com\/en\/wp-json\/wp\/v2\/media?parent=10259"}],"curies":[{"name":"wp","href":"https:\/\/api.w.org\/{rel}","templated":true}]}}