{"id":10187,"date":"2021-10-15T21:43:23","date_gmt":"2021-10-15T18:43:23","guid":{"rendered":"https:\/\/www.nilaykaraca.com\/ivf-treatment\/"},"modified":"2023-12-06T13:42:45","modified_gmt":"2023-12-06T10:42:45","slug":"ivf-treatment","status":"publish","type":"page","link":"https:\/\/www.nilaykaraca.com\/en\/services\/ivf-treatment\/","title":{"rendered":"IVF Treatment"},"content":{"rendered":"\t\t<div data-elementor-type=\"wp-page\" data-elementor-id=\"10187\" class=\"elementor elementor-10187 elementor-7822\" data-elementor-settings=\"[]\">\n\t\t\t\t\t\t\t<div class=\"elementor-section-wrap\">\n\t\t\t\t\t\t\t<section class=\"elementor-section elementor-top-section elementor-element elementor-element-2bb1d5f elementor-section-boxed elementor-section-height-default elementor-section-height-default\" data-id=\"2bb1d5f\" data-element_type=\"section\">\n\t\t\t\t\t\t<div class=\"elementor-container elementor-column-gap-default\">\n\t\t\t\t\t<div class=\"elementor-column elementor-col-100 elementor-top-column elementor-element elementor-element-20ba0f1\" data-id=\"20ba0f1\" data-element_type=\"column\">\n\t\t\t<div class=\"elementor-widget-wrap elementor-element-populated\">\n\t\t\t\t\t\t\t\t<div class=\"elementor-element elementor-element-b4b6e61 elementor-widget elementor-widget-wp-widget-text\" data-id=\"b4b6e61\" data-element_type=\"widget\" data-widget_type=\"wp-widget-text.default\">\n\t\t\t\t<div class=\"elementor-widget-container\">\n\t\t\t\t\t\t<div class=\"textwidget\"><p><strong>IVF<\/strong> It is an assisted reproductive technique applied to couples who cannot have children naturally and has been used for a long time. \u201cIn vitro fertilization\u201d is one of the most preferred infertility treatments today. The success rate in IVF is related to the biological status of men and women, as well as the expert laboratory team and high-tech infrastructure of the center where you are treated. The knowledge, experience and technology of the center you have chosen<em> success<\/em> Don&#8217;t forget its importance.<\/p>\n<\/div>\n\t\t\t\t<\/div>\n\t\t\t\t<\/div>\n\t\t\t\t\t<\/div>\n\t\t<\/div>\n\t\t\t\t\t\t\t<\/div>\n\t\t<\/section>\n\t\t\t\t<section class=\"elementor-section elementor-inner-section elementor-element elementor-element-c621458 elementor-section-boxed elementor-section-height-default elementor-section-height-default\" data-id=\"c621458\" data-element_type=\"section\">\n\t\t\t\t\t\t<div class=\"elementor-container elementor-column-gap-default\">\n\t\t\t\t\t<div class=\"elementor-column elementor-col-33 elementor-inner-column elementor-element elementor-element-4dc07db\" data-id=\"4dc07db\" data-element_type=\"column\">\n\t\t\t<div class=\"elementor-widget-wrap elementor-element-populated\">\n\t\t\t\t\t\t\t\t<div class=\"elementor-element elementor-element-fdd2fce elementor-widget elementor-widget-jet-banner\" data-id=\"fdd2fce\" data-element_type=\"widget\" data-widget_type=\"jet-banner.default\">\n\t\t\t\t<div class=\"elementor-widget-container\">\n\t\t\t<div class=\"elementor-jet-banner jet-elements\"><figure class=\"jet-banner jet-effect-sadie\"><a href=\"https:\/\/www.nilaykaraca.com\/en\/services\/ivf-treatment\/ovarian-stimulation\/\" class=\"jet-banner__link\"><div class=\"jet-banner__overlay\"><\/div><img src=\"https:\/\/www.nilaykaraca.com\/wp-content\/uploads\/2021\/08\/nilay-karaca-yumurtalik-uyarimi-1-770x499.jpg\" alt=\"nilay-karaca-yumurtalik-uyarimi\" class=\"jet-banner__img\"><figcaption class=\"jet-banner__content\"><div class=\"jet-banner__content-wrap\"><h5 class=\"jet-banner__title\">Ovarian Stimulation<\/h5><\/div><\/figcaption><\/a><\/figure>\n<\/div>\t\t<\/div>\n\t\t\t\t<\/div>\n\t\t\t\t<div class=\"elementor-element elementor-element-ed7d19a elementor-widget elementor-widget-jet-banner\" data-id=\"ed7d19a\" data-element_type=\"widget\" data-widget_type=\"jet-banner.default\">\n\t\t\t\t<div class=\"elementor-widget-container\">\n\t\t\t<div class=\"elementor-jet-banner jet-elements\"><figure class=\"jet-banner jet-effect-sadie\"><a href=\"https:\/\/www.nilaykaraca.com\/en\/services\/ivf-treatment\/fertilization-fertilization\/\" class=\"jet-banner__link\"><div class=\"jet-banner__overlay\"><\/div><img src=\"https:\/\/www.nilaykaraca.com\/wp-content\/uploads\/2021\/08\/nilay-karaca-yumurtalik-uyarimi-770x500.jpg\" alt=\"nilay-karaca-yumurtalik-uyarimi\" class=\"jet-banner__img\"><figcaption class=\"jet-banner__content\"><div class=\"jet-banner__content-wrap\"><h5 class=\"jet-banner__title\">FERTILIZATION<\/h5><\/div><\/figcaption><\/a><\/figure>\n<\/div>\t\t<\/div>\n\t\t\t\t<\/div>\n\t\t\t\t<div class=\"elementor-element elementor-element-04947a4 elementor-widget elementor-widget-jet-banner\" data-id=\"04947a4\" data-element_type=\"widget\" data-widget_type=\"jet-banner.default\">\n\t\t\t\t<div class=\"elementor-widget-container\">\n\t\t\t<div class=\"elementor-jet-banner jet-elements\"><figure class=\"jet-banner jet-effect-sadie\"><a href=\"https:\/\/www.nilaykaraca.com\/en\/services\/ivf-treatment\/embryo-freezing\/\" class=\"jet-banner__link\"><div class=\"jet-banner__overlay\"><\/div><img src=\"https:\/\/www.nilaykaraca.com\/wp-content\/uploads\/2021\/08\/nilay-karaca-embriyo-dondurma-770x499.jpg\" alt=\"nilay-karaca-embriyo-dondurma\" class=\"jet-banner__img\"><figcaption class=\"jet-banner__content\"><div class=\"jet-banner__content-wrap\"><h5 class=\"jet-banner__title\">EMBRYO FREEZE<\/h5><\/div><\/figcaption><\/a><\/figure>\n<\/div>\t\t<\/div>\n\t\t\t\t<\/div>\n\t\t\t\t\t<\/div>\n\t\t<\/div>\n\t\t\t\t<div class=\"elementor-column elementor-col-33 elementor-inner-column elementor-element elementor-element-8a46d32\" data-id=\"8a46d32\" data-element_type=\"column\">\n\t\t\t<div class=\"elementor-widget-wrap elementor-element-populated\">\n\t\t\t\t\t\t\t\t<div class=\"elementor-element elementor-element-7a769ab elementor-widget elementor-widget-jet-banner\" data-id=\"7a769ab\" data-element_type=\"widget\" data-widget_type=\"jet-banner.default\">\n\t\t\t\t<div class=\"elementor-widget-container\">\n\t\t\t<div class=\"elementor-jet-banner jet-elements\"><figure class=\"jet-banner jet-effect-sadie\"><a href=\"https:\/\/www.nilaykaraca.com\/en\/services\/ivf-treatment\/opu-egg-collection-process\/\" class=\"jet-banner__link\"><div class=\"jet-banner__overlay\"><\/div><img src=\"https:\/\/www.nilaykaraca.com\/wp-content\/uploads\/2021\/08\/nilay-karaca-yumurta-toplama-770x499.jpg\" alt=\"nilay-karaca-yumurta-toplama\" class=\"jet-banner__img\"><figcaption class=\"jet-banner__content\"><div class=\"jet-banner__content-wrap\"><h5 class=\"jet-banner__title\">EGG COLLECTION<\/h5><\/div><\/figcaption><\/a><\/figure>\n<\/div>\t\t<\/div>\n\t\t\t\t<\/div>\n\t\t\t\t<div class=\"elementor-element elementor-element-f531eb7 elementor-widget elementor-widget-jet-banner\" data-id=\"f531eb7\" data-element_type=\"widget\" data-widget_type=\"jet-banner.default\">\n\t\t\t\t<div class=\"elementor-widget-container\">\n\t\t\t<div class=\"elementor-jet-banner jet-elements\"><figure class=\"jet-banner jet-effect-sadie\"><a href=\"https:\/\/www.nilaykaraca.com\/en\/services\/ivf-treatment\/embryo-transfer\/\" class=\"jet-banner__link\"><div class=\"jet-banner__overlay\"><\/div><img src=\"https:\/\/www.nilaykaraca.com\/wp-content\/uploads\/2021\/08\/nilay-karaca-dollenme-fertilizasyon-770x501.jpg\" alt=\"nilay-karaca-dollenme-fertilizasyon\" class=\"jet-banner__img\"><figcaption class=\"jet-banner__content\"><div class=\"jet-banner__content-wrap\"><h5 class=\"jet-banner__title\">EMBRYO TRANSFER<\/h5><\/div><\/figcaption><\/a><\/figure>\n<\/div>\t\t<\/div>\n\t\t\t\t<\/div>\n\t\t\t\t<div class=\"elementor-element elementor-element-9ba7295 elementor-widget elementor-widget-jet-banner\" data-id=\"9ba7295\" data-element_type=\"widget\" data-widget_type=\"jet-banner.default\">\n\t\t\t\t<div class=\"elementor-widget-container\">\n\t\t\t<div class=\"elementor-jet-banner jet-elements\"><figure class=\"jet-banner jet-effect-sadie\"><a href=\"https:\/\/www.nilaykaraca.com\/en\/services\/ivf-treatment\/preimplantation-genetic-diagnosis\/\" class=\"jet-banner__link\"><div class=\"jet-banner__overlay\"><\/div><img src=\"https:\/\/www.nilaykaraca.com\/wp-content\/uploads\/2021\/08\/nilay-karaca-preimplantasyon-genetik-tani-770x499.jpg\" alt=\"nilay-karaca-preimplantasyon-genetik-tani\" class=\"jet-banner__img\"><figcaption class=\"jet-banner__content\"><div class=\"jet-banner__content-wrap\"><h5 class=\"jet-banner__title\">GENETIC DIAGNOSIS<\/h5><\/div><\/figcaption><\/a><\/figure>\n<\/div>\t\t<\/div>\n\t\t\t\t<\/div>\n\t\t\t\t\t<\/div>\n\t\t<\/div>\n\t\t\t\t<div class=\"elementor-column elementor-col-33 elementor-inner-column elementor-element elementor-element-882783d\" data-id=\"882783d\" data-element_type=\"column\">\n\t\t\t<div class=\"elementor-widget-wrap elementor-element-populated\">\n\t\t\t\t\t\t\t\t<div class=\"elementor-element elementor-element-5732929 elementor-widget elementor-widget-jet-banner\" data-id=\"5732929\" data-element_type=\"widget\" data-widget_type=\"jet-banner.default\">\n\t\t\t\t<div class=\"elementor-widget-container\">\n\t\t\t<div class=\"elementor-jet-banner jet-elements\"><figure class=\"jet-banner jet-effect-sadie\"><a href=\"https:\/\/www.nilaykaraca.com\/en\/services\/ivf-treatment\/microinjection\/\" class=\"jet-banner__link\"><div class=\"jet-banner__overlay\"><\/div><img src=\"https:\/\/www.nilaykaraca.com\/wp-content\/uploads\/2021\/08\/nilay-karaca-opu-770x501.jpg\" alt=\"nilay-karaca-opu\" class=\"jet-banner__img\"><figcaption class=\"jet-banner__content\"><div class=\"jet-banner__content-wrap\"><h5 class=\"jet-banner__title\">MICROINJECTION<\/h5><\/div><\/figcaption><\/a><\/figure>\n<\/div>\t\t<\/div>\n\t\t\t\t<\/div>\n\t\t\t\t<div class=\"elementor-element elementor-element-3ad441a elementor-widget elementor-widget-jet-banner\" data-id=\"3ad441a\" data-element_type=\"widget\" data-widget_type=\"jet-banner.default\">\n\t\t\t\t<div class=\"elementor-widget-container\">\n\t\t\t<div class=\"elementor-jet-banner jet-elements\"><figure class=\"jet-banner jet-effect-sadie\"><a href=\"https:\/\/www.nilaykaraca.com\/en\/services\/ivf-treatment\/microtese\/\" class=\"jet-banner__link\"><div class=\"jet-banner__overlay\"><\/div><img src=\"https:\/\/www.nilaykaraca.com\/wp-content\/uploads\/2021\/08\/nilay-karaca-mikro-tese-770x501.jpg\" alt=\"nilay-karaca-mikro-tese\" class=\"jet-banner__img\"><figcaption class=\"jet-banner__content\"><div class=\"jet-banner__content-wrap\"><h5 class=\"jet-banner__title\">MICRO TESE<\/h5><\/div><\/figcaption><\/a><\/figure>\n<\/div>\t\t<\/div>\n\t\t\t\t<\/div>\n\t\t\t\t\t<\/div>\n\t\t<\/div>\n\t\t\t\t\t\t\t<\/div>\n\t\t<\/section>\n\t\t\t\t\t\t<\/div>\n\t\t\t\t\t<\/div>\n\t\t","protected":false},"excerpt":{"rendered":"<p>Ovarian Stimulation FERTILIZATION EMBRYO FREEZE EGG COLLECTION EMBRYO TRANSFER GENETIC DIAGNOSIS MICROINJECTION MICRO TESE<\/p>\n","protected":false},"author":1,"featured_media":0,"parent":10221,"menu_order":0,"comment_status":"closed","ping_status":"closed","template":"elementor_header_footer","meta":[],"yoast_head":"<!-- This site is optimized with the Yoast SEO Premium plugin v17.6 (Yoast SEO v17.6) - https:\/\/yoast.com\/wordpress\/plugins\/seo\/ -->\n<title>IVF Treatment - Assoc. Dr. Nilay Karaca<\/title>\n<meta name=\"description\" content=\"In vitro fertilization treatment (IVF) is an assisted reproductive technique that has been used for a long time and is applied to couples who cannot have children naturally.\" \/>\n<meta name=\"robots\" content=\"index, follow, max-snippet:-1, max-image-preview:large, max-video-preview:-1\" \/>\n<link rel=\"canonical\" href=\"https:\/\/www.nilaykaraca.com\/en\/services\/ivf-treatment\/\" \/>\n<meta property=\"og:locale\" content=\"en_US\" \/>\n<meta property=\"og:type\" content=\"article\" \/>\n<meta property=\"og:title\" content=\"IVF Treatment\" \/>\n<meta property=\"og:description\" content=\"In vitro fertilization treatment (IVF) is an assisted reproductive technique that has been used for a long time and is applied to couples who cannot have children naturally.\" \/>\n<meta property=\"og:url\" content=\"https:\/\/www.nilaykaraca.com\/en\/services\/ivf-treatment\/\" \/>\n<meta property=\"og:site_name\" content=\"Assoc. Dr. Nilay Karaca\" \/>\n<meta property=\"article:modified_time\" content=\"2023-12-06T10:42:45+00:00\" \/>\n<meta property=\"og:image\" content=\"https:\/\/www.nilaykaraca.com\/wp-content\/uploads\/2021\/08\/nilay-karaca-yumurtalik-uyarimi-1-770x499.jpg\" \/>\n<meta name=\"twitter:card\" content=\"summary_large_image\" \/>\n<script type=\"application\/ld+json\" class=\"yoast-schema-graph\">{\"@context\":\"https:\/\/schema.org\",\"@graph\":[{\"@type\":[\"Person\",\"Organization\"],\"@id\":\"https:\/\/www.nilaykaraca.com\/#\/schema\/person\/77184ed5e4793db920a29aa23fc2a093\",\"name\":\"Nilay Karaca\",\"image\":{\"@type\":\"ImageObject\",\"@id\":\"https:\/\/www.nilaykaraca.com\/#personlogo\",\"inLanguage\":\"en-US\",\"url\":\"https:\/\/www.nilaykaraca.com\/wp-content\/uploads\/2021\/08\/nilay-karaca-anasayfa-klinik.jpg\",\"contentUrl\":\"https:\/\/www.nilaykaraca.com\/wp-content\/uploads\/2021\/08\/nilay-karaca-anasayfa-klinik.jpg\",\"width\":951,\"height\":498,\"caption\":\"Nilay Karaca\"},\"logo\":{\"@id\":\"https:\/\/www.nilaykaraca.com\/#personlogo\"},\"description\":\"Nilay Karaca 1972 y\\u0131l\\u0131nda Tunceli\\u2019nin \\u00c7emi\\u015fkezek il\\u00e7esinde do\\u011fdu. 1978 - 1989 ilk, orta ve lise \\u00f6\\u011frenimini \\u00c7emi\\u015fkezek\\u2019de tamamlad\\u0131. 1995 y\\u0131l\\u0131nda \\u0130stanbul \\u00dcniversitesi \\u0130stanbul T\\u0131p Fak\\u00fcltesi\\u2019nden mezun olduktan sonra, 1999\\u2019da \\u0130stanbul Bak\\u0131rk\\u00f6y Do\\u011fumevi Kad\\u0131n ve \\u00c7ocuk Hastal\\u0131klar\\u0131 E\\u011fitim ve Ara\\u015ft\\u0131rma Hastanesi\\u2019nde ihtisas\\u0131n\\u0131 tamamlad\\u0131. 1999-2003 y\\u0131llar\\u0131 aras\\u0131nda Bezmi Alem Vak\\u0131f Gureba E\\u011fitim ve Ara\\u015ft\\u0131rma Hastanesi\\u2019nde uzman doktor olarak \\u00e7al\\u0131\\u015ft\\u0131ktan sonra 2004 y\\u0131l\\u0131nda T\\u00fcp Bebek e\\u011fitimi almak \\u00fczere Zeynep Kamil E\\u011fitim ve Ara\\u015ft\\u0131rma Hastanesi\\u2019ndne g\\u00f6rev yapt\\u0131\\u0131. 2004 y\\u0131l\\u0131ndan itibaren \\u00fcremeye yard\\u0131mc\\u0131 tedaviler ve t\\u00fcp bebek alan\\u0131nda \\u00e7al\\u0131\\u015fmalar\\u0131na devam etti. 2008 y\\u0131l\\u0131nda Amerika\\u2019da Harvard \\u00dcniversitesi, Brigham and Women\\u2019s Hastanesi T\\u00fcp Bebek \\u00dcnitesi\\u2019nde \\u00e7al\\u0131\\u015f\\u0131p ara\\u015ft\\u0131rmalara kat\\u0131ld\\u0131. 2007 y\\u0131l\\u0131nda alt\\u0131 ay s\\u00fcreyle Avustralya\\u2019da Sidney \\u00dcniversitesi Royal Prince Alfred Hastanesi\\u2019nde g\\u00f6rev yapt\\u0131. \\u00d6zellikle \\u201cJinekolojik Laparoskopi\\u201d ve \\u201cHisteroskopi\\u201d konular\\u0131nda yo\\u011funla\\u015farak, ba\\u015fta Prof. Jonathan Carter MD, Prof. Chris Benness MD ve Nesrin Varol MD olmak \\u00fczere bir\\u00e7ok jinekolog cerrah ile ellinin \\u00fczerinde operasyona dahil oldu.\"},{\"@type\":\"WebSite\",\"@id\":\"https:\/\/www.nilaykaraca.com\/#website\",\"url\":\"https:\/\/www.nilaykaraca.com\/\",\"name\":\"Assoc. Dr. Nilay Karaca\",\"description\":\"IVF, Pregnancy, Gynecology Expert\",\"publisher\":{\"@id\":\"https:\/\/www.nilaykaraca.com\/#\/schema\/person\/77184ed5e4793db920a29aa23fc2a093\"},\"potentialAction\":[{\"@type\":\"SearchAction\",\"target\":{\"@type\":\"EntryPoint\",\"urlTemplate\":\"https:\/\/www.nilaykaraca.com\/?s={search_term_string}\"},\"query-input\":\"required name=search_term_string\"}],\"inLanguage\":\"en-US\"},{\"@type\":\"ImageObject\",\"@id\":\"https:\/\/www.nilaykaraca.com\/en\/services\/ivf-treatment\/#primaryimage\",\"inLanguage\":\"en-US\",\"url\":\"https:\/\/www.nilaykaraca.com\/wp-content\/uploads\/2021\/08\/nilay-karaca-yumurtalik-uyarimi-1.jpg\",\"contentUrl\":\"https:\/\/www.nilaykaraca.com\/wp-content\/uploads\/2021\/08\/nilay-karaca-yumurtalik-uyarimi-1.jpg\",\"width\":1000,\"height\":499},{\"@type\":\"WebPage\",\"@id\":\"https:\/\/www.nilaykaraca.com\/en\/services\/ivf-treatment\/#webpage\",\"url\":\"https:\/\/www.nilaykaraca.com\/en\/services\/ivf-treatment\/\",\"name\":\"IVF Treatment - Assoc. Dr. Nilay Karaca\",\"isPartOf\":{\"@id\":\"https:\/\/www.nilaykaraca.com\/#website\"},\"primaryImageOfPage\":{\"@id\":\"https:\/\/www.nilaykaraca.com\/en\/services\/ivf-treatment\/#primaryimage\"},\"datePublished\":\"2021-10-15T18:43:23+00:00\",\"dateModified\":\"2023-12-06T10:42:45+00:00\",\"description\":\"In vitro fertilization treatment (IVF) is an assisted reproductive technique that has been used for a long time and is applied to couples who cannot have children naturally.\",\"breadcrumb\":{\"@id\":\"https:\/\/www.nilaykaraca.com\/en\/services\/ivf-treatment\/#breadcrumb\"},\"inLanguage\":\"en-US\",\"potentialAction\":[{\"@type\":\"ReadAction\",\"target\":[\"https:\/\/www.nilaykaraca.com\/en\/services\/ivf-treatment\/\"]}]},{\"@type\":\"BreadcrumbList\",\"@id\":\"https:\/\/www.nilaykaraca.com\/en\/services\/ivf-treatment\/#breadcrumb\",\"itemListElement\":[{\"@type\":\"ListItem\",\"position\":1,\"name\":\"Anasayfa\",\"item\":\"https:\/\/www.nilaykaraca.com\/en\/\"},{\"@type\":\"ListItem\",\"position\":2,\"name\":\"Services\",\"item\":\"https:\/\/www.nilaykaraca.com\/en\/services\/\"},{\"@type\":\"ListItem\",\"position\":3,\"name\":\"IVF Treatment\"}]}]}<\/script>\n<!-- \/ Yoast SEO Premium plugin. -->","yoast_head_json":{"title":"IVF Treatment - Assoc. Dr. Nilay Karaca","description":"In vitro fertilization treatment (IVF) is an assisted reproductive technique that has been used for a long time and is applied to couples who cannot have children naturally.","robots":{"index":"index","follow":"follow","max-snippet":"max-snippet:-1","max-image-preview":"max-image-preview:large","max-video-preview":"max-video-preview:-1"},"canonical":"https:\/\/www.nilaykaraca.com\/en\/services\/ivf-treatment\/","og_locale":"en_US","og_type":"article","og_title":"IVF Treatment","og_description":"In vitro fertilization treatment (IVF) is an assisted reproductive technique that has been used for a long time and is applied to couples who cannot have children naturally.","og_url":"https:\/\/www.nilaykaraca.com\/en\/services\/ivf-treatment\/","og_site_name":"Assoc. Dr. Nilay Karaca","article_modified_time":"2023-12-06T10:42:45+00:00","og_image":[{"url":"https:\/\/www.nilaykaraca.com\/wp-content\/uploads\/2021\/08\/nilay-karaca-yumurtalik-uyarimi-1-770x499.jpg"}],"twitter_card":"summary_large_image","schema":{"@context":"https:\/\/schema.org","@graph":[{"@type":["Person","Organization"],"@id":"https:\/\/www.nilaykaraca.com\/#\/schema\/person\/77184ed5e4793db920a29aa23fc2a093","name":"Nilay Karaca","image":{"@type":"ImageObject","@id":"https:\/\/www.nilaykaraca.com\/#personlogo","inLanguage":"en-US","url":"https:\/\/www.nilaykaraca.com\/wp-content\/uploads\/2021\/08\/nilay-karaca-anasayfa-klinik.jpg","contentUrl":"https:\/\/www.nilaykaraca.com\/wp-content\/uploads\/2021\/08\/nilay-karaca-anasayfa-klinik.jpg","width":951,"height":498,"caption":"Nilay Karaca"},"logo":{"@id":"https:\/\/www.nilaykaraca.com\/#personlogo"},"description":"Nilay Karaca 1972 y\u0131l\u0131nda Tunceli\u2019nin \u00c7emi\u015fkezek il\u00e7esinde do\u011fdu. 1978 - 1989 ilk, orta ve lise \u00f6\u011frenimini \u00c7emi\u015fkezek\u2019de tamamlad\u0131. 1995 y\u0131l\u0131nda \u0130stanbul \u00dcniversitesi \u0130stanbul T\u0131p Fak\u00fcltesi\u2019nden mezun olduktan sonra, 1999\u2019da \u0130stanbul Bak\u0131rk\u00f6y Do\u011fumevi Kad\u0131n ve \u00c7ocuk Hastal\u0131klar\u0131 E\u011fitim ve Ara\u015ft\u0131rma Hastanesi\u2019nde ihtisas\u0131n\u0131 tamamlad\u0131. 1999-2003 y\u0131llar\u0131 aras\u0131nda Bezmi Alem Vak\u0131f Gureba E\u011fitim ve Ara\u015ft\u0131rma Hastanesi\u2019nde uzman doktor olarak \u00e7al\u0131\u015ft\u0131ktan sonra 2004 y\u0131l\u0131nda T\u00fcp Bebek e\u011fitimi almak \u00fczere Zeynep Kamil E\u011fitim ve Ara\u015ft\u0131rma Hastanesi\u2019ndne g\u00f6rev yapt\u0131\u0131. 2004 y\u0131l\u0131ndan itibaren \u00fcremeye yard\u0131mc\u0131 tedaviler ve t\u00fcp bebek alan\u0131nda \u00e7al\u0131\u015fmalar\u0131na devam etti. 2008 y\u0131l\u0131nda Amerika\u2019da Harvard \u00dcniversitesi, Brigham and Women\u2019s Hastanesi T\u00fcp Bebek \u00dcnitesi\u2019nde \u00e7al\u0131\u015f\u0131p ara\u015ft\u0131rmalara kat\u0131ld\u0131. 2007 y\u0131l\u0131nda alt\u0131 ay s\u00fcreyle Avustralya\u2019da Sidney \u00dcniversitesi Royal Prince Alfred Hastanesi\u2019nde g\u00f6rev yapt\u0131. \u00d6zellikle \u201cJinekolojik Laparoskopi\u201d ve \u201cHisteroskopi\u201d konular\u0131nda yo\u011funla\u015farak, ba\u015fta Prof. Jonathan Carter MD, Prof. Chris Benness MD ve Nesrin Varol MD olmak \u00fczere bir\u00e7ok jinekolog cerrah ile ellinin \u00fczerinde operasyona dahil oldu."},{"@type":"WebSite","@id":"https:\/\/www.nilaykaraca.com\/#website","url":"https:\/\/www.nilaykaraca.com\/","name":"Assoc. Dr. Nilay Karaca","description":"IVF, Pregnancy, Gynecology Expert","publisher":{"@id":"https:\/\/www.nilaykaraca.com\/#\/schema\/person\/77184ed5e4793db920a29aa23fc2a093"},"potentialAction":[{"@type":"SearchAction","target":{"@type":"EntryPoint","urlTemplate":"https:\/\/www.nilaykaraca.com\/?s={search_term_string}"},"query-input":"required name=search_term_string"}],"inLanguage":"en-US"},{"@type":"ImageObject","@id":"https:\/\/www.nilaykaraca.com\/en\/services\/ivf-treatment\/#primaryimage","inLanguage":"en-US","url":"https:\/\/www.nilaykaraca.com\/wp-content\/uploads\/2021\/08\/nilay-karaca-yumurtalik-uyarimi-1.jpg","contentUrl":"https:\/\/www.nilaykaraca.com\/wp-content\/uploads\/2021\/08\/nilay-karaca-yumurtalik-uyarimi-1.jpg","width":1000,"height":499},{"@type":"WebPage","@id":"https:\/\/www.nilaykaraca.com\/en\/services\/ivf-treatment\/#webpage","url":"https:\/\/www.nilaykaraca.com\/en\/services\/ivf-treatment\/","name":"IVF Treatment - Assoc. Dr. Nilay Karaca","isPartOf":{"@id":"https:\/\/www.nilaykaraca.com\/#website"},"primaryImageOfPage":{"@id":"https:\/\/www.nilaykaraca.com\/en\/services\/ivf-treatment\/#primaryimage"},"datePublished":"2021-10-15T18:43:23+00:00","dateModified":"2023-12-06T10:42:45+00:00","description":"In vitro fertilization treatment (IVF) is an assisted reproductive technique that has been used for a long time and is applied to couples who cannot have children naturally.","breadcrumb":{"@id":"https:\/\/www.nilaykaraca.com\/en\/services\/ivf-treatment\/#breadcrumb"},"inLanguage":"en-US","potentialAction":[{"@type":"ReadAction","target":["https:\/\/www.nilaykaraca.com\/en\/services\/ivf-treatment\/"]}]},{"@type":"BreadcrumbList","@id":"https:\/\/www.nilaykaraca.com\/en\/services\/ivf-treatment\/#breadcrumb","itemListElement":[{"@type":"ListItem","position":1,"name":"Anasayfa","item":"https:\/\/www.nilaykaraca.com\/en\/"},{"@type":"ListItem","position":2,"name":"Services","item":"https:\/\/www.nilaykaraca.com\/en\/services\/"},{"@type":"ListItem","position":3,"name":"IVF Treatment"}]}]}},"_links":{"self":[{"href":"https:\/\/www.nilaykaraca.com\/en\/wp-json\/wp\/v2\/pages\/10187"}],"collection":[{"href":"https:\/\/www.nilaykaraca.com\/en\/wp-json\/wp\/v2\/pages"}],"about":[{"href":"https:\/\/www.nilaykaraca.com\/en\/wp-json\/wp\/v2\/types\/page"}],"author":[{"embeddable":true,"href":"https:\/\/www.nilaykaraca.com\/en\/wp-json\/wp\/v2\/users\/1"}],"replies":[{"embeddable":true,"href":"https:\/\/www.nilaykaraca.com\/en\/wp-json\/wp\/v2\/comments?post=10187"}],"version-history":[{"count":15,"href":"https:\/\/www.nilaykaraca.com\/en\/wp-json\/wp\/v2\/pages\/10187\/revisions"}],"predecessor-version":[{"id":10756,"href":"https:\/\/www.nilaykaraca.com\/en\/wp-json\/wp\/v2\/pages\/10187\/revisions\/10756"}],"up":[{"embeddable":true,"href":"https:\/\/www.nilaykaraca.com\/en\/wp-json\/wp\/v2\/pages\/10221"}],"wp:attachment":[{"href":"https:\/\/www.nilaykaraca.com\/en\/wp-json\/wp\/v2\/media?parent=10187"}],"curies":[{"name":"wp","href":"https:\/\/api.w.org\/{rel}","templated":true}]}}