{"id":10205,"date":"2021-10-15T21:43:44","date_gmt":"2021-10-15T18:43:44","guid":{"rendered":"https:\/\/www.nilaykaraca.com\/%d9%84%d9%82%d8%a7%d8%a1\/"},"modified":"2021-10-15T21:43:45","modified_gmt":"2021-10-15T18:43:45","slug":"%d9%84%d9%82%d8%a7%d8%a1","status":"publish","type":"page","link":"https:\/\/www.nilaykaraca.com\/ar\/%d9%84%d9%82%d8%a7%d8%a1\/","title":{"rendered":"\u0644\u0642\u0627\u0621"},"content":{"rendered":"\t\t<div data-elementor-type=\"wp-page\" data-elementor-id=\"10205\" class=\"elementor elementor-10205 elementor-8378\" data-elementor-settings=\"[]\">\n\t\t\t\t\t\t\t<div class=\"elementor-section-wrap\">\n\t\t\t\t\t\t\t<section class=\"elementor-section elementor-top-section elementor-element elementor-element-609a73ce elementor-section-boxed elementor-section-height-default elementor-section-height-default\" data-id=\"609a73ce\" data-element_type=\"section\">\n\t\t\t\t\t\t<div class=\"elementor-container elementor-column-gap-default\">\n\t\t\t\t\t<div class=\"elementor-column elementor-col-100 elementor-top-column elementor-element elementor-element-4c9924af\" data-id=\"4c9924af\" data-element_type=\"column\">\n\t\t\t<div class=\"elementor-widget-wrap elementor-element-populated\">\n\t\t\t\t\t\t\t\t<div class=\"elementor-element elementor-element-5ca5419f elementor-widget elementor-widget-text-editor\" data-id=\"5ca5419f\" data-element_type=\"widget\" data-widget_type=\"text-editor.default\">\n\t\t\t\t<div class=\"elementor-widget-container\">\n\t\t\t\t\t\t\t<p><\/p>\n<p><div class=\"booked-calendar-shortcode-wrap\"><div class=\"booked-calendar-wrap large\"><div class=\"booked-calendar\" data-calendar-id=\"24\" data-calendar-date=\"2026-04-01\">\n\t\t<div class=\"bc-head\">\n\n\t\t\t\n\t\t\t<div class=\"bc-row top\">\n\t\t\t\t<div class=\"bc-col\">\n\t\t\t\t\t\t\t\t\t\t<span class=\"calendarSavingState\">\n\t\t\t\t\t\t<i class=\"fa-solid fa-circle-notch fa-spin\"><\/i>\n\t\t\t\t\t<\/span>\n\t\t\t\t\t<span class=\"monthName\">\n\t\t\t\t\t\t\u0623\u0628\u0631\u064a\u0644 2026\t\t\t\t\t\t\t\t\t\t\t<\/span>\n\t\t\t\t\t<a href=\"#\" data-goto=\"2026-05-01\" class=\"page-right\"><i class=\"fa-solid fa-arrow-right\"><\/i><\/a>\t\t\t\t<\/div>\n\t\t\t<\/div>\n\t\t\t<div class=\"bc-row days\">\n\t\t\t\t\t\t\t\t<div class=\"bc-col\">\u0627\u0644\u0623\u062b\u0646\u064a\u0646<\/div>\n\t\t\t\t<div class=\"bc-col\">\u0627\u0644\u062b\u0644\u0627\u062b\u0627\u0621<\/div>\n\t\t\t\t<div class=\"bc-col\">\u0627\u0644\u0623\u0631\u0628\u0639\u0627\u0621<\/div>\n\t\t\t\t<div class=\"bc-col\">\u0627\u0644\u062e\u0645\u064a\u0633<\/div>\n\t\t\t\t<div class=\"bc-col\">\u0627\u0644\u062c\u0645\u0639\u0629<\/div>\n\t\t\t\t\t\t\t\t\t\t\t<\/div>\n\t\t<\/div>\n\t\t<div class=\"bc-body\"><div class=\"bc-row week\"><div data-date=\"2026-03-30\" class=\"bc-col prev-month prev-date\"><span class=\"date\"><span class=\"number\">30<\/span><\/span><\/div><div data-date=\"2026-03-31\" class=\"bc-col prev-month prev-date\"><span class=\"date\"><span class=\"number\">31<\/span><\/span><\/div><div data-date=\"2026-04-1\" class=\"bc-col prev-date\"><span class=\"date\"><span class=\"number\">1<\/span><\/span><\/div><div data-date=\"2026-04-2\" class=\"bc-col prev-date\"><span class=\"date\"><span class=\"number\">2<\/span><\/span><\/div><div data-date=\"2026-04-3\" class=\"bc-col prev-date\"><span class=\"date\"><span class=\"number\">3<\/span><\/span><\/div><\/div><div class=\"bc-row week\"><div data-date=\"2026-04-6\" class=\"bc-col prev-date\"><span class=\"date\"><span class=\"number\">6<\/span><\/span><\/div><div data-date=\"2026-04-7\" class=\"bc-col prev-date\"><span class=\"date\"><span class=\"number\">7<\/span><\/span><\/div><div data-date=\"2026-04-8\" class=\"bc-col prev-date\"><span class=\"date\"><span class=\"number\">8<\/span><\/span><\/div><div data-date=\"2026-04-9\" class=\"bc-col prev-date\"><span class=\"date\"><span class=\"number\">9<\/span><\/span><\/div><div data-date=\"2026-04-10\" class=\"bc-col prev-date\"><span class=\"date\"><span class=\"number\">10<\/span><\/span><\/div><\/div><div class=\"bc-row week\"><div data-date=\"2026-04-13\" class=\"bc-col prev-date\"><span class=\"date\"><span class=\"number\">13<\/span><\/span><\/div><div data-date=\"2026-04-14\" class=\"bc-col prev-date\"><span class=\"date\"><span class=\"number\">14<\/span><\/span><\/div><div data-date=\"2026-04-15\" class=\"bc-col prev-date\"><span class=\"date\"><span class=\"number\">15<\/span><\/span><\/div><div data-date=\"2026-04-16\" class=\"bc-col prev-date\"><span class=\"date\"><span class=\"number\">16<\/span><\/span><\/div><div data-date=\"2026-04-17\" class=\"bc-col prev-date\"><span class=\"date\"><span class=\"number\">17<\/span><\/span><\/div><\/div><div class=\"bc-row week\"><div data-date=\"2026-04-20\" class=\"bc-col prev-date\"><span class=\"date\"><span class=\"number\">20<\/span><\/span><\/div><div data-date=\"2026-04-21\" class=\"bc-col prev-date\"><span class=\"date\"><span class=\"number\">21<\/span><\/span><\/div><div data-date=\"2026-04-22\" class=\"bc-col \"><span class=\"date tooltipster\" title=\"6 Available\"><span class=\"number\">22<\/span><\/span><\/div><div data-date=\"2026-04-23\" class=\"bc-col \"><span class=\"date tooltipster\" title=\"6 Available\"><span class=\"number\">23<\/span><\/span><\/div><div data-date=\"2026-04-24\" class=\"bc-col \"><span class=\"date tooltipster\" title=\"6 Available\"><span class=\"number\">24<\/span><\/span><\/div><\/div><div class=\"bc-row week\"><div data-date=\"2026-04-27\" class=\"bc-col \"><span class=\"date tooltipster\" title=\"6 Available\"><span class=\"number\">27<\/span><\/span><\/div><div data-date=\"2026-04-28\" class=\"bc-col \"><span class=\"date tooltipster\" title=\"6 Available\"><span class=\"number\">28<\/span><\/span><\/div><div data-date=\"2026-04-29\" class=\"bc-col \"><span class=\"date tooltipster\" title=\"6 Available\"><span class=\"number\">29<\/span><\/span><\/div><div data-date=\"2026-04-30\" class=\"bc-col \"><span class=\"date tooltipster\" title=\"6 Available\"><span class=\"number\">30<\/span><\/span><\/div><div data-date=\"2026-05-1\" class=\"bc-col next-month\"><span class=\"date tooltipster\" title=\"6 Available\"><span class=\"number\">1<\/span><\/span><\/div><\/div>\t\t<\/div>\n\t<\/div><\/div><\/div><\/p>\n<p><\/p>\n<p><\/p>\n\t\t\t\t\t\t<\/div>\n\t\t\t\t<\/div>\n\t\t\t\t\t<\/div>\n\t\t<\/div>\n\t\t\t\t\t\t\t<\/div>\n\t\t<\/section>\n\t\t\t\t\t\t<\/div>\n\t\t\t\t\t<\/div>\n\t\t","protected":false},"excerpt":{"rendered":"","protected":false},"author":1,"featured_media":0,"parent":0,"menu_order":0,"comment_status":"closed","ping_status":"closed","template":"","meta":[],"yoast_head":"<!-- This site is optimized with the Yoast SEO Premium plugin v17.6 (Yoast SEO v17.6) - https:\/\/yoast.com\/wordpress\/plugins\/seo\/ -->\n<title>\u0644\u0642\u0627\u0621 - \u0645\u0633\u0627\u0639\u062f. \u062f\u0643\u062a\u0648\u0631. \u0646\u064a\u0644\u0627\u064a \u0643\u0627\u0631\u0627\u062c\u0627<\/title>\n<meta name=\"robots\" content=\"index, follow, max-snippet:-1, max-image-preview:large, max-video-preview:-1\" \/>\n<link rel=\"canonical\" href=\"https:\/\/www.nilaykaraca.com\/ar\/%d9%84%d9%82%d8%a7%d8%a1\/\" \/>\n<meta property=\"og:locale\" content=\"ar_AR\" \/>\n<meta property=\"og:type\" content=\"article\" \/>\n<meta property=\"og:title\" content=\"\u0644\u0642\u0627\u0621\" \/>\n<meta property=\"og:url\" content=\"https:\/\/www.nilaykaraca.com\/ar\/%d9%84%d9%82%d8%a7%d8%a1\/\" \/>\n<meta property=\"og:site_name\" content=\"\u0645\u0633\u0627\u0639\u062f. \u062f\u0643\u062a\u0648\u0631. \u0646\u064a\u0644\u0627\u064a \u0643\u0627\u0631\u0627\u062c\u0627\" \/>\n<meta property=\"article:modified_time\" content=\"2021-10-15T18:43:45+00:00\" \/>\n<meta name=\"twitter:card\" content=\"summary_large_image\" \/>\n<script type=\"application\/ld+json\" class=\"yoast-schema-graph\">{\"@context\":\"https:\/\/schema.org\",\"@graph\":[{\"@type\":[\"Person\",\"Organization\"],\"@id\":\"https:\/\/www.nilaykaraca.com\/#\/schema\/person\/77184ed5e4793db920a29aa23fc2a093\",\"name\":\"Nilay Karaca\",\"image\":{\"@type\":\"ImageObject\",\"@id\":\"https:\/\/www.nilaykaraca.com\/#personlogo\",\"inLanguage\":\"ar\",\"url\":\"https:\/\/www.nilaykaraca.com\/wp-content\/uploads\/2021\/08\/nilay-karaca-anasayfa-klinik.jpg\",\"contentUrl\":\"https:\/\/www.nilaykaraca.com\/wp-content\/uploads\/2021\/08\/nilay-karaca-anasayfa-klinik.jpg\",\"width\":951,\"height\":498,\"caption\":\"Nilay Karaca\"},\"logo\":{\"@id\":\"https:\/\/www.nilaykaraca.com\/#personlogo\"},\"description\":\"Nilay Karaca 1972 y\\u0131l\\u0131nda Tunceli\\u2019nin \\u00c7emi\\u015fkezek il\\u00e7esinde do\\u011fdu. 1978 - 1989 ilk, orta ve lise \\u00f6\\u011frenimini \\u00c7emi\\u015fkezek\\u2019de tamamlad\\u0131. 1995 y\\u0131l\\u0131nda \\u0130stanbul \\u00dcniversitesi \\u0130stanbul T\\u0131p Fak\\u00fcltesi\\u2019nden mezun olduktan sonra, 1999\\u2019da \\u0130stanbul Bak\\u0131rk\\u00f6y Do\\u011fumevi Kad\\u0131n ve \\u00c7ocuk Hastal\\u0131klar\\u0131 E\\u011fitim ve Ara\\u015ft\\u0131rma Hastanesi\\u2019nde ihtisas\\u0131n\\u0131 tamamlad\\u0131. 1999-2003 y\\u0131llar\\u0131 aras\\u0131nda Bezmi Alem Vak\\u0131f Gureba E\\u011fitim ve Ara\\u015ft\\u0131rma Hastanesi\\u2019nde uzman doktor olarak \\u00e7al\\u0131\\u015ft\\u0131ktan sonra 2004 y\\u0131l\\u0131nda T\\u00fcp Bebek e\\u011fitimi almak \\u00fczere Zeynep Kamil E\\u011fitim ve Ara\\u015ft\\u0131rma Hastanesi\\u2019ndne g\\u00f6rev yapt\\u0131\\u0131. 2004 y\\u0131l\\u0131ndan itibaren \\u00fcremeye yard\\u0131mc\\u0131 tedaviler ve t\\u00fcp bebek alan\\u0131nda \\u00e7al\\u0131\\u015fmalar\\u0131na devam etti. 2008 y\\u0131l\\u0131nda Amerika\\u2019da Harvard \\u00dcniversitesi, Brigham and Women\\u2019s Hastanesi T\\u00fcp Bebek \\u00dcnitesi\\u2019nde \\u00e7al\\u0131\\u015f\\u0131p ara\\u015ft\\u0131rmalara kat\\u0131ld\\u0131. 2007 y\\u0131l\\u0131nda alt\\u0131 ay s\\u00fcreyle Avustralya\\u2019da Sidney \\u00dcniversitesi Royal Prince Alfred Hastanesi\\u2019nde g\\u00f6rev yapt\\u0131. \\u00d6zellikle \\u201cJinekolojik Laparoskopi\\u201d ve \\u201cHisteroskopi\\u201d konular\\u0131nda yo\\u011funla\\u015farak, ba\\u015fta Prof. Jonathan Carter MD, Prof. Chris Benness MD ve Nesrin Varol MD olmak \\u00fczere bir\\u00e7ok jinekolog cerrah ile ellinin \\u00fczerinde operasyona dahil oldu.\"},{\"@type\":\"WebSite\",\"@id\":\"https:\/\/www.nilaykaraca.com\/#website\",\"url\":\"https:\/\/www.nilaykaraca.com\/\",\"name\":\"\\u0645\\u0633\\u0627\\u0639\\u062f. \\u062f\\u0643\\u062a\\u0648\\u0631. \\u0646\\u064a\\u0644\\u0627\\u064a \\u0643\\u0627\\u0631\\u0627\\u062c\\u0627\",\"description\":\"\\u062e\\u0628\\u064a\\u0631 \\u0623\\u0645\\u0631\\u0627\\u0636 \\u0627\\u0644\\u0646\\u0633\\u0627\\u0621 \\u0648\\u0627\\u0644\\u062a\\u0648\\u0644\\u064a\\u062f \\u0648\\u0623\\u0637\\u0641\\u0627\\u0644 \\u0627\\u0644\\u0623\\u0646\\u0627\\u0628\\u064a\\u0628\",\"publisher\":{\"@id\":\"https:\/\/www.nilaykaraca.com\/#\/schema\/person\/77184ed5e4793db920a29aa23fc2a093\"},\"potentialAction\":[{\"@type\":\"SearchAction\",\"target\":{\"@type\":\"EntryPoint\",\"urlTemplate\":\"https:\/\/www.nilaykaraca.com\/?s={search_term_string}\"},\"query-input\":\"required name=search_term_string\"}],\"inLanguage\":\"ar\"},{\"@type\":\"WebPage\",\"@id\":\"https:\/\/www.nilaykaraca.com\/ar\/%d9%84%d9%82%d8%a7%d8%a1\/#webpage\",\"url\":\"https:\/\/www.nilaykaraca.com\/ar\/%d9%84%d9%82%d8%a7%d8%a1\/\",\"name\":\"\\u0644\\u0642\\u0627\\u0621 - \\u0645\\u0633\\u0627\\u0639\\u062f. \\u062f\\u0643\\u062a\\u0648\\u0631. \\u0646\\u064a\\u0644\\u0627\\u064a \\u0643\\u0627\\u0631\\u0627\\u062c\\u0627\",\"isPartOf\":{\"@id\":\"https:\/\/www.nilaykaraca.com\/#website\"},\"datePublished\":\"2021-10-15T18:43:44+00:00\",\"dateModified\":\"2021-10-15T18:43:45+00:00\",\"breadcrumb\":{\"@id\":\"https:\/\/www.nilaykaraca.com\/ar\/%d9%84%d9%82%d8%a7%d8%a1\/#breadcrumb\"},\"inLanguage\":\"ar\",\"potentialAction\":[{\"@type\":\"ReadAction\",\"target\":[\"https:\/\/www.nilaykaraca.com\/ar\/%d9%84%d9%82%d8%a7%d8%a1\/\"]}]},{\"@type\":\"BreadcrumbList\",\"@id\":\"https:\/\/www.nilaykaraca.com\/ar\/%d9%84%d9%82%d8%a7%d8%a1\/#breadcrumb\",\"itemListElement\":[{\"@type\":\"ListItem\",\"position\":1,\"name\":\"Anasayfa\",\"item\":\"https:\/\/www.nilaykaraca.com\/ar\/%d8%a7%d9%84%d8%b5%d9%81%d8%ad%d8%a9-%d8%a7%d9%84%d8%b1%d8%a6%d9%8a%d8%b3%d9%8a%d8%a9\/\"},{\"@type\":\"ListItem\",\"position\":2,\"name\":\"\\u0644\\u0642\\u0627\\u0621\"}]}]}<\/script>\n<!-- \/ Yoast SEO Premium plugin. -->","yoast_head_json":{"title":"\u0644\u0642\u0627\u0621 - \u0645\u0633\u0627\u0639\u062f. \u062f\u0643\u062a\u0648\u0631. \u0646\u064a\u0644\u0627\u064a \u0643\u0627\u0631\u0627\u062c\u0627","robots":{"index":"index","follow":"follow","max-snippet":"max-snippet:-1","max-image-preview":"max-image-preview:large","max-video-preview":"max-video-preview:-1"},"canonical":"https:\/\/www.nilaykaraca.com\/ar\/%d9%84%d9%82%d8%a7%d8%a1\/","og_locale":"ar_AR","og_type":"article","og_title":"\u0644\u0642\u0627\u0621","og_url":"https:\/\/www.nilaykaraca.com\/ar\/%d9%84%d9%82%d8%a7%d8%a1\/","og_site_name":"\u0645\u0633\u0627\u0639\u062f. \u062f\u0643\u062a\u0648\u0631. \u0646\u064a\u0644\u0627\u064a \u0643\u0627\u0631\u0627\u062c\u0627","article_modified_time":"2021-10-15T18:43:45+00:00","twitter_card":"summary_large_image","schema":{"@context":"https:\/\/schema.org","@graph":[{"@type":["Person","Organization"],"@id":"https:\/\/www.nilaykaraca.com\/#\/schema\/person\/77184ed5e4793db920a29aa23fc2a093","name":"Nilay Karaca","image":{"@type":"ImageObject","@id":"https:\/\/www.nilaykaraca.com\/#personlogo","inLanguage":"ar","url":"https:\/\/www.nilaykaraca.com\/wp-content\/uploads\/2021\/08\/nilay-karaca-anasayfa-klinik.jpg","contentUrl":"https:\/\/www.nilaykaraca.com\/wp-content\/uploads\/2021\/08\/nilay-karaca-anasayfa-klinik.jpg","width":951,"height":498,"caption":"Nilay Karaca"},"logo":{"@id":"https:\/\/www.nilaykaraca.com\/#personlogo"},"description":"Nilay Karaca 1972 y\u0131l\u0131nda Tunceli\u2019nin \u00c7emi\u015fkezek il\u00e7esinde do\u011fdu. 1978 - 1989 ilk, orta ve lise \u00f6\u011frenimini \u00c7emi\u015fkezek\u2019de tamamlad\u0131. 1995 y\u0131l\u0131nda \u0130stanbul \u00dcniversitesi \u0130stanbul T\u0131p Fak\u00fcltesi\u2019nden mezun olduktan sonra, 1999\u2019da \u0130stanbul Bak\u0131rk\u00f6y Do\u011fumevi Kad\u0131n ve \u00c7ocuk Hastal\u0131klar\u0131 E\u011fitim ve Ara\u015ft\u0131rma Hastanesi\u2019nde ihtisas\u0131n\u0131 tamamlad\u0131. 1999-2003 y\u0131llar\u0131 aras\u0131nda Bezmi Alem Vak\u0131f Gureba E\u011fitim ve Ara\u015ft\u0131rma Hastanesi\u2019nde uzman doktor olarak \u00e7al\u0131\u015ft\u0131ktan sonra 2004 y\u0131l\u0131nda T\u00fcp Bebek e\u011fitimi almak \u00fczere Zeynep Kamil E\u011fitim ve Ara\u015ft\u0131rma Hastanesi\u2019ndne g\u00f6rev yapt\u0131\u0131. 2004 y\u0131l\u0131ndan itibaren \u00fcremeye yard\u0131mc\u0131 tedaviler ve t\u00fcp bebek alan\u0131nda \u00e7al\u0131\u015fmalar\u0131na devam etti. 2008 y\u0131l\u0131nda Amerika\u2019da Harvard \u00dcniversitesi, Brigham and Women\u2019s Hastanesi T\u00fcp Bebek \u00dcnitesi\u2019nde \u00e7al\u0131\u015f\u0131p ara\u015ft\u0131rmalara kat\u0131ld\u0131. 2007 y\u0131l\u0131nda alt\u0131 ay s\u00fcreyle Avustralya\u2019da Sidney \u00dcniversitesi Royal Prince Alfred Hastanesi\u2019nde g\u00f6rev yapt\u0131. \u00d6zellikle \u201cJinekolojik Laparoskopi\u201d ve \u201cHisteroskopi\u201d konular\u0131nda yo\u011funla\u015farak, ba\u015fta Prof. Jonathan Carter MD, Prof. Chris Benness MD ve Nesrin Varol MD olmak \u00fczere bir\u00e7ok jinekolog cerrah ile ellinin \u00fczerinde operasyona dahil oldu."},{"@type":"WebSite","@id":"https:\/\/www.nilaykaraca.com\/#website","url":"https:\/\/www.nilaykaraca.com\/","name":"\u0645\u0633\u0627\u0639\u062f. \u062f\u0643\u062a\u0648\u0631. \u0646\u064a\u0644\u0627\u064a \u0643\u0627\u0631\u0627\u062c\u0627","description":"\u062e\u0628\u064a\u0631 \u0623\u0645\u0631\u0627\u0636 \u0627\u0644\u0646\u0633\u0627\u0621 \u0648\u0627\u0644\u062a\u0648\u0644\u064a\u062f \u0648\u0623\u0637\u0641\u0627\u0644 \u0627\u0644\u0623\u0646\u0627\u0628\u064a\u0628","publisher":{"@id":"https:\/\/www.nilaykaraca.com\/#\/schema\/person\/77184ed5e4793db920a29aa23fc2a093"},"potentialAction":[{"@type":"SearchAction","target":{"@type":"EntryPoint","urlTemplate":"https:\/\/www.nilaykaraca.com\/?s={search_term_string}"},"query-input":"required name=search_term_string"}],"inLanguage":"ar"},{"@type":"WebPage","@id":"https:\/\/www.nilaykaraca.com\/ar\/%d9%84%d9%82%d8%a7%d8%a1\/#webpage","url":"https:\/\/www.nilaykaraca.com\/ar\/%d9%84%d9%82%d8%a7%d8%a1\/","name":"\u0644\u0642\u0627\u0621 - \u0645\u0633\u0627\u0639\u062f. \u062f\u0643\u062a\u0648\u0631. \u0646\u064a\u0644\u0627\u064a \u0643\u0627\u0631\u0627\u062c\u0627","isPartOf":{"@id":"https:\/\/www.nilaykaraca.com\/#website"},"datePublished":"2021-10-15T18:43:44+00:00","dateModified":"2021-10-15T18:43:45+00:00","breadcrumb":{"@id":"https:\/\/www.nilaykaraca.com\/ar\/%d9%84%d9%82%d8%a7%d8%a1\/#breadcrumb"},"inLanguage":"ar","potentialAction":[{"@type":"ReadAction","target":["https:\/\/www.nilaykaraca.com\/ar\/%d9%84%d9%82%d8%a7%d8%a1\/"]}]},{"@type":"BreadcrumbList","@id":"https:\/\/www.nilaykaraca.com\/ar\/%d9%84%d9%82%d8%a7%d8%a1\/#breadcrumb","itemListElement":[{"@type":"ListItem","position":1,"name":"Anasayfa","item":"https:\/\/www.nilaykaraca.com\/ar\/%d8%a7%d9%84%d8%b5%d9%81%d8%ad%d8%a9-%d8%a7%d9%84%d8%b1%d8%a6%d9%8a%d8%b3%d9%8a%d8%a9\/"},{"@type":"ListItem","position":2,"name":"\u0644\u0642\u0627\u0621"}]}]}},"_links":{"self":[{"href":"https:\/\/www.nilaykaraca.com\/ar\/wp-json\/wp\/v2\/pages\/10205"}],"collection":[{"href":"https:\/\/www.nilaykaraca.com\/ar\/wp-json\/wp\/v2\/pages"}],"about":[{"href":"https:\/\/www.nilaykaraca.com\/ar\/wp-json\/wp\/v2\/types\/page"}],"author":[{"embeddable":true,"href":"https:\/\/www.nilaykaraca.com\/ar\/wp-json\/wp\/v2\/users\/1"}],"replies":[{"embeddable":true,"href":"https:\/\/www.nilaykaraca.com\/ar\/wp-json\/wp\/v2\/comments?post=10205"}],"version-history":[{"count":1,"href":"https:\/\/www.nilaykaraca.com\/ar\/wp-json\/wp\/v2\/pages\/10205\/revisions"}],"predecessor-version":[{"id":10207,"href":"https:\/\/www.nilaykaraca.com\/ar\/wp-json\/wp\/v2\/pages\/10205\/revisions\/10207"}],"wp:attachment":[{"href":"https:\/\/www.nilaykaraca.com\/ar\/wp-json\/wp\/v2\/media?parent=10205"}],"curies":[{"name":"wp","href":"https:\/\/api.w.org\/{rel}","templated":true}]}}